{"id":1487,"date":"2025-07-31T22:46:44","date_gmt":"2025-07-31T22:46:44","guid":{"rendered":"https:\/\/quenata.com\/?page_id=1487"},"modified":"2025-09-13T07:17:52","modified_gmt":"2025-09-13T07:17:52","slug":"politique-de-cookies","status":"publish","type":"page","link":"https:\/\/quenata.com\/pt\/politique-de-cookies\/","title":{"rendered":"Pol\u00edtica de Cookies"},"content":{"rendered":"<style>.elementor-1487 .elementor-element.elementor-element-47aa28b{--display:flex;--flex-direction:column;--container-widget-width:100%;--container-widget-height:initial;--container-widget-flex-grow:0;--container-widget-align-self:initial;--flex-wrap-mobile:wrap;--margin-top:-110px;--margin-bottom:0px;--margin-left:0px;--margin-right:0px;--padding-top:200px;--padding-bottom:80px;--padding-left:0px;--padding-right:0px;}.elementor-1487 .elementor-element.elementor-element-47aa28b:not(.elementor-motion-effects-element-type-background), .elementor-1487 .elementor-element.elementor-element-47aa28b > .elementor-motion-effects-container > .elementor-motion-effects-layer{background-color:var( --e-global-color-primary );}.elementor-1487 .elementor-element.elementor-element-085573a .elementor-heading-title{font-size:40px;color:var( --e-global-color-9d75238 );}.elementor-1487 .elementor-element.elementor-element-a678397{--display:flex;--flex-direction:column;--container-widget-width:100%;--container-widget-height:initial;--container-widget-flex-grow:0;--container-widget-align-self:initial;--flex-wrap-mobile:wrap;--padding-top:100px;--padding-bottom:120px;--padding-left:0px;--padding-right:0px;}.elementor-1487 .elementor-element.elementor-element-663553f .elementor-heading-title{font-size:34px;}.elementor-1487 .elementor-element.elementor-element-8dcc0e9 .elementor-heading-title{font-size:26px;}.elementor-1487 .elementor-element.elementor-element-b21b3eb > .elementor-widget-container{margin:0px 0px 0px 0px;}.elementor-1487 .elementor-element.elementor-element-b21b3eb{font-size:16px;font-weight:400;}.elementor-1487 .elementor-element.elementor-element-c8ede1e .elementor-heading-title{font-size:30px;}.elementor-1487 .elementor-element.elementor-element-f519831 > .elementor-widget-container{margin:0px 0px 0px 0px;}.elementor-1487 .elementor-element.elementor-element-f519831{font-size:16px;font-weight:400;}.elementor-1487 .elementor-element.elementor-element-48476ee .elementor-heading-title{font-size:30px;}.elementor-1487 .elementor-element.elementor-element-224bbf3 > .elementor-widget-container{margin:0px 0px 0px 0px;}.elementor-1487 .elementor-element.elementor-element-224bbf3{font-size:16px;font-weight:400;line-height:2em;}.elementor-1487 .elementor-element.elementor-element-d4983b7 .elementor-heading-title{font-size:30px;}.elementor-1487 .elementor-element.elementor-element-dd076c5 > .elementor-widget-container{margin:0px 0px 0px 0px;}.elementor-1487 .elementor-element.elementor-element-dd076c5{font-size:16px;font-weight:400;line-height:2em;}.elementor-1487 .elementor-element.elementor-element-2b031d6 .elementor-heading-title{font-size:30px;}.elementor-1487 .elementor-element.elementor-element-2adcf1d > .elementor-widget-container{margin:0px 0px 0px 0px;}.elementor-1487 .elementor-element.elementor-element-2adcf1d{font-size:16px;font-weight:400;line-height:2em;}.elementor-1487 .elementor-element.elementor-element-1fbfc62 .elementor-heading-title{font-size:30px;}.elementor-1487 .elementor-element.elementor-element-672d3d4 > .elementor-widget-container{margin:0px 0px 0px 0px;}.elementor-1487 .elementor-element.elementor-element-672d3d4{font-size:16px;font-weight:400;line-height:2em;}.elementor-1487 .elementor-element.elementor-element-bb4d1e2 .elementor-heading-title{font-size:30px;}.elementor-1487 .elementor-element.elementor-element-e358dea > .elementor-widget-container{margin:0px 0px 0px 0px;}.elementor-1487 .elementor-element.elementor-element-e358dea{font-size:16px;font-weight:400;line-height:2em;}.elementor-1487 .elementor-element.elementor-element-f27ea69 .elementor-heading-title{font-size:30px;}.elementor-1487 .elementor-element.elementor-element-0341faf > .elementor-widget-container{margin:0px 0px 0px 0px;}.elementor-1487 .elementor-element.elementor-element-0341faf{font-size:16px;font-weight:400;line-height:2em;}.elementor-1487 .elementor-element.elementor-element-2b03328 .elementor-heading-title{font-size:30px;}.elementor-1487 .elementor-element.elementor-element-c23456c > .elementor-widget-container{margin:0px 0px 0px 0px;}.elementor-1487 .elementor-element.elementor-element-c23456c{font-size:16px;font-weight:400;line-height:2em;}:root{--page-title-display:none;}@media(max-width:1024px){.elementor-1487 .elementor-element.elementor-element-47aa28b{--margin-top:-150px;--margin-bottom:0px;--margin-left:0px;--margin-right:0px;--padding-top:200px;--padding-bottom:80px;--padding-left:30px;--padding-right:30px;}.elementor-1487 .elementor-element.elementor-element-a678397{--padding-top:80px;--padding-bottom:100px;--padding-left:30px;--padding-right:30px;}}@media(max-width:767px){.elementor-1487 .elementor-element.elementor-element-47aa28b{--margin-top:-120px;--margin-bottom:0px;--margin-left:0px;--margin-right:0px;--padding-top:180px;--padding-bottom:60px;--padding-left:25px;--padding-right:25px;}.elementor-1487 .elementor-element.elementor-element-085573a .elementor-heading-title{font-size:30px;}.elementor-1487 .elementor-element.elementor-element-a678397{--padding-top:60px;--padding-bottom:80px;--padding-left:25px;--padding-right:25px;}.elementor-1487 .elementor-element.elementor-element-663553f .elementor-heading-title{font-size:30px;}.elementor-1487 .elementor-element.elementor-element-8dcc0e9 .elementor-heading-title{font-size:24px;}.elementor-1487 .elementor-element.elementor-element-c8ede1e .elementor-heading-title{font-size:24px;}.elementor-1487 .elementor-element.elementor-element-48476ee .elementor-heading-title{font-size:24px;}.elementor-1487 .elementor-element.elementor-element-d4983b7 .elementor-heading-title{font-size:24px;}.elementor-1487 .elementor-element.elementor-element-2b031d6 .elementor-heading-title{font-size:24px;}.elementor-1487 .elementor-element.elementor-element-1fbfc62 .elementor-heading-title{font-size:24px;}.elementor-1487 .elementor-element.elementor-element-bb4d1e2 .elementor-heading-title{font-size:24px;}.elementor-1487 .elementor-element.elementor-element-f27ea69 .elementor-heading-title{font-size:24px;}.elementor-1487 .elementor-element.elementor-element-2b03328 .elementor-heading-title{font-size:24px;}}<\/style>\t\t<div data-elementor-type=\"wp-page\" data-elementor-id=\"1487\" class=\"elementor elementor-1487\" data-elementor-post-type=\"page\">\n\t\t\t\t<div class=\"elementor-element elementor-element-47aa28b e-flex e-con-boxed e-con e-parent\" data-id=\"47aa28b\" data-element_type=\"container\" data-settings=\"{&quot;background_background&quot;:&quot;classic&quot;}\">\n\t\t\t\t\t<div class=\"e-con-inner\">\n\t\t\t\t<div class=\"elementor-element elementor-element-085573a elementor-widget elementor-widget-heading\" data-id=\"085573a\" data-element_type=\"widget\" data-widget_type=\"heading.default\">\n\t\t\t\t<div class=\"elementor-widget-container\">\n\t\t\t\t\t<h2 class=\"elementor-heading-title elementor-size-default\">Pol\u00edtica de Cookies<\/h2>\t\t\t\t<\/div>\n\t\t\t\t<\/div>\n\t\t\t\t\t<\/div>\n\t\t\t\t<\/div>\n\t\t<div class=\"elementor-element elementor-element-a678397 e-flex e-con-boxed e-con e-parent\" data-id=\"a678397\" data-element_type=\"container\">\n\t\t\t\t\t<div class=\"e-con-inner\">\n\t\t\t\t<div class=\"elementor-element elementor-element-663553f elementor-widget elementor-widget-heading\" data-id=\"663553f\" data-element_type=\"widget\" data-widget_type=\"heading.default\">\n\t\t\t\t<div class=\"elementor-widget-container\">\n\t\t\t\t\t<h2 class=\"elementor-heading-title elementor-size-default\">Informa\u00e7\u00f5es legais<\/h2>\t\t\t\t<\/div>\n\t\t\t\t<\/div>\n\t\t\t\t<div class=\"elementor-element elementor-element-8dcc0e9 elementor-widget elementor-widget-heading\" data-id=\"8dcc0e9\" data-element_type=\"widget\" data-widget_type=\"heading.default\">\n\t\t\t\t<div class=\"elementor-widget-container\">\n\t\t\t\t\t<h2 class=\"elementor-heading-title elementor-size-default\">\u00daltima atualiza\u00e7\u00e3o: 31 de julho de 2025<\/h2>\t\t\t\t<\/div>\n\t\t\t\t<\/div>\n\t\t\t\t<div class=\"elementor-element elementor-element-b21b3eb elementor-widget elementor-widget-text-editor\" data-id=\"b21b3eb\" data-element_type=\"widget\" data-widget_type=\"text-editor.default\">\n\t\t\t\t<div class=\"elementor-widget-container\">\n\t\t\t\t\t\t\t\t\t<p>Utilizamos cookies estritamente necess\u00e1rio para melhor a sua experi\u00eancia e quanto utilizador e para fins estat\u00edsticos, de personaliza\u00e7\u00e3o e de publicidade. A presente pol\u00edtica explica como os usamos e como pode gerenci\u00e1-los.<\/p>\t\t\t\t\t\t\t\t<\/div>\n\t\t\t\t<\/div>\n\t\t\t\t<div class=\"elementor-element elementor-element-c8ede1e elementor-widget elementor-widget-heading\" data-id=\"c8ede1e\" data-element_type=\"widget\" data-widget_type=\"heading.default\">\n\t\t\t\t<div class=\"elementor-widget-container\">\n\t\t\t\t\t<h2 class=\"elementor-heading-title elementor-size-default\">O que s\u00e3o cookies?<\/h2>\t\t\t\t<\/div>\n\t\t\t\t<\/div>\n\t\t\t\t<div class=\"elementor-element elementor-element-f519831 elementor-widget elementor-widget-text-editor\" data-id=\"f519831\" data-element_type=\"widget\" data-widget_type=\"text-editor.default\">\n\t\t\t\t<div class=\"elementor-widget-container\">\n\t\t\t\t\t\t\t\t\t<p>Os cookies s\u00e3o pequenos ficheiros de texto armazenados no seu navegador quando visita um site, que visam permitir ou melhorar a sua experi\u00eancia de navega\u00e7\u00e3o. O site www.quenata.com (doravante, \u201cSite\u201d) utiliza cookies, cujas funcionalidades e opera\u00e7\u00f5es est\u00e3o reguladas na presente pol\u00edtica.<\/p>\t\t\t\t\t\t\t\t<\/div>\n\t\t\t\t<\/div>\n\t\t\t\t<div class=\"elementor-element elementor-element-48476ee elementor-widget elementor-widget-heading\" data-id=\"48476ee\" data-element_type=\"widget\" data-widget_type=\"heading.default\">\n\t\t\t\t<div class=\"elementor-widget-container\">\n\t\t\t\t\t<h2 class=\"elementor-heading-title elementor-size-default\">Os cookies que utilizamos<\/h2>\t\t\t\t<\/div>\n\t\t\t\t<\/div>\n\t\t\t\t<div class=\"elementor-element elementor-element-224bbf3 elementor-widget elementor-widget-text-editor\" data-id=\"224bbf3\" data-element_type=\"widget\" data-widget_type=\"text-editor.default\">\n\t\t\t\t<div class=\"elementor-widget-container\">\n\t\t\t\t\t\t\t\t\t<p>Os cookies podem ser classificados de acordo com:<\/p><p><strong>Origem<\/strong><\/p><ul><li>Quanto \u00e0 origem, os cookies podem ser pr\u00f3prios ou de terceiros, consoante o respons\u00e1vel pelo envio e origem dos mesmos seja, respetivamente, a Que Nata ou uma entidade terceira.<\/li><\/ul><p><strong>Dura\u00e7\u00e3o<\/strong><\/p><ul><li>J\u00e1 quanto \u00e0 dura\u00e7\u00e3o, os cookies podem manter-se apenas pela sess\u00e3o de navega\u00e7\u00e3o, caso em que s\u00e3o considerados cookies de sess\u00e3o, sendo eliminados quando encerre o browser.<\/li><li>Por outro lado, os cookies podem manter-se no seu dispositivo por per\u00edodos mais longos, caso em que ser\u00e3o considerados cookies permanentes.<\/li><\/ul><p><strong>Fun\u00e7\u00e3o<\/strong><\/p><ul><li>Estritamente necess\u00e1rios, caso sejam colocados para garantir o funcionamento do Site, para disponibilizar funcionalidades requeridas pelo utilizador ou para guardar as suas prefer\u00eancias;<\/li><li>Funcionais, quando visem conservar e aplicar de forma simplificada e autom\u00e1tica prefer\u00eancias no Site para melhorar a sua experi\u00eancia;<\/li><li>Anal\u00edticos e estat\u00edsticos, recolhendo informa\u00e7\u00e3o estat\u00edstica sobre a utiliza\u00e7\u00e3o e envolvimento dos utilizadores com o Site (por exemplo, Google Analytics);<\/li><li>De publicidade, permitindo a sele\u00e7\u00e3o da publicidade vis\u00edvel com base nos int\u00e9ress\u00e9s do utilizador (por exemplo: Google Ads, redes sociais).<\/li><\/ul><p>O Site utilizar\u00e1 apenas cookies estritamente necess\u00e1rios, que garantir\u00e3o o seu correto funcionamento, sem os quais o mesmo n\u00e3o poder\u00e1 operar, nem, t\u00e3o pouco, ser acedido pelo utilizador. Como tal, estes cookies, ao acederem a dados pessoais do utilizador (como, por exemplo, ao IP do seu servidor) permitir\u00e3o disponibilizar funcionalidades expressamente por si requeridas (como, por exemplo, preencher formul\u00e1rios) ou para guardar as suas prefer\u00eancias relativamente \u00e0 navega\u00e7\u00e3o no Site, sempre que utilize o mesmo dispositivo e assim o solicite.<\/p>\t\t\t\t\t\t\t\t<\/div>\n\t\t\t\t<\/div>\n\t\t\t\t<div class=\"elementor-element elementor-element-d4983b7 elementor-widget elementor-widget-heading\" data-id=\"d4983b7\" data-element_type=\"widget\" data-widget_type=\"heading.default\">\n\t\t\t\t<div class=\"elementor-widget-container\">\n\t\t\t\t\t<h2 class=\"elementor-heading-title elementor-size-default\">Consentimento<\/h2>\t\t\t\t<\/div>\n\t\t\t\t<\/div>\n\t\t\t\t<div class=\"elementor-element elementor-element-dd076c5 elementor-widget elementor-widget-text-editor\" data-id=\"dd076c5\" data-element_type=\"widget\" data-widget_type=\"text-editor.default\">\n\t\t\t\t<div class=\"elementor-widget-container\">\n\t\t\t\t\t\t\t\t\t<p>Ao visitar o Site pela primeira vez, ser\u00e1 solicitado o seu consentimento para a utiliza\u00e7\u00e3o de cookies n\u00e3o essenciais.<br \/>Poder\u00e1:<\/p><ul><li>Aceitar todos os cookies<\/li><li>Recusar todos os cookies (exceto os essenciais)<\/li><\/ul>\t\t\t\t\t\t\t\t<\/div>\n\t\t\t\t<\/div>\n\t\t\t\t<div class=\"elementor-element elementor-element-2b031d6 elementor-widget elementor-widget-heading\" data-id=\"2b031d6\" data-element_type=\"widget\" data-widget_type=\"heading.default\">\n\t\t\t\t<div class=\"elementor-widget-container\">\n\t\t\t\t\t<h2 class=\"elementor-heading-title elementor-size-default\">Gerencie suas prefer\u00eancias por categoria<\/h2>\t\t\t\t<\/div>\n\t\t\t\t<\/div>\n\t\t\t\t<div class=\"elementor-element elementor-element-2adcf1d elementor-widget elementor-widget-text-editor\" data-id=\"2adcf1d\" data-element_type=\"widget\" data-widget_type=\"text-editor.default\">\n\t\t\t\t<div class=\"elementor-widget-container\">\n\t\t\t\t\t\t\t\t\t<p>Ao consentir na utiliza\u00e7\u00e3o dos cookies estritamente necess\u00e1rios, estes ser\u00e3o automaticamente colocadas no seu dispositivo, aquando da sua primeira visita ao Site, pelo que a obje\u00e7\u00e3o da sua utiliza\u00e7\u00e3o impossibilitar\u00e1 a sua navega\u00e7\u00e3o no Site.<\/p>\t\t\t\t\t\t\t\t<\/div>\n\t\t\t\t<\/div>\n\t\t\t\t<div class=\"elementor-element elementor-element-1fbfc62 elementor-widget elementor-widget-heading\" data-id=\"1fbfc62\" data-element_type=\"widget\" data-widget_type=\"heading.default\">\n\t\t\t\t<div class=\"elementor-widget-container\">\n\t\t\t\t\t<h2 class=\"elementor-heading-title elementor-size-default\">Como desativar cookies?<\/h2>\t\t\t\t<\/div>\n\t\t\t\t<\/div>\n\t\t\t\t<div class=\"elementor-element elementor-element-672d3d4 elementor-widget elementor-widget-text-editor\" data-id=\"672d3d4\" data-element_type=\"widget\" data-widget_type=\"text-editor.default\">\n\t\t\t\t<div class=\"elementor-widget-container\">\n\t\t\t\t\t\t\t\t\t<p>Pode gerenciar os cookies:<\/p><ul><li>Atrav\u00e9s da janela do site (durante a primeira visita ao Site ou clicando em \u201cConfigura\u00e7\u00f5es de cookies\u201d)<\/li><li>Nas configura\u00e7\u00f5es do seu navegador (Chrome, Firefox, Safari, etc.)<\/li><\/ul>\t\t\t\t\t\t\t\t<\/div>\n\t\t\t\t<\/div>\n\t\t\t\t<div class=\"elementor-element elementor-element-bb4d1e2 elementor-widget elementor-widget-heading\" data-id=\"bb4d1e2\" data-element_type=\"widget\" data-widget_type=\"heading.default\">\n\t\t\t\t<div class=\"elementor-widget-container\">\n\t\t\t\t\t<h2 class=\"elementor-heading-title elementor-size-default\">Cookies de terceiros<\/h2>\t\t\t\t<\/div>\n\t\t\t\t<\/div>\n\t\t\t\t<div class=\"elementor-element elementor-element-e358dea elementor-widget elementor-widget-text-editor\" data-id=\"e358dea\" data-element_type=\"widget\" data-widget_type=\"text-editor.default\">\n\t\t\t\t<div class=\"elementor-widget-container\">\n\t\t\t\t\t\t\t\t\t<p>Os cookies de terceiros (como Facebook Pixel ou Google Ads) podem ser ativados com o seu consentimento e est\u00e3o sujeitos \u00e0s pol\u00edticas de privacidade dessas plataformas.<\/p>\t\t\t\t\t\t\t\t<\/div>\n\t\t\t\t<\/div>\n\t\t\t\t<div class=\"elementor-element elementor-element-f27ea69 elementor-widget elementor-widget-heading\" data-id=\"f27ea69\" data-element_type=\"widget\" data-widget_type=\"heading.default\">\n\t\t\t\t<div class=\"elementor-widget-container\">\n\t\t\t\t\t<h2 class=\"elementor-heading-title elementor-size-default\">Altera\u00e7\u00f5es da Pol\u00edtica de Cookies<\/h2>\t\t\t\t<\/div>\n\t\t\t\t<\/div>\n\t\t\t\t<div class=\"elementor-element elementor-element-0341faf elementor-widget elementor-widget-text-editor\" data-id=\"0341faf\" data-element_type=\"widget\" data-widget_type=\"text-editor.default\">\n\t\t\t\t<div class=\"elementor-widget-container\">\n\t\t\t\t\t\t\t\t\t<p>A Que Nata poder\u00e1, a todo o momento e sem aviso pr\u00e9vio, alterar a presente Pol\u00edtica de Cookies. Quaisquer altera\u00e7\u00f5es relevantes ser\u00e3o imediatamente divulgadas no Site, podendo aceder \u00e0 informa\u00e7\u00e3o e, consoante o tipo de cookie em causa, consentir ou n\u00e3o na sua utiliza\u00e7\u00e3o.<\/p>\t\t\t\t\t\t\t\t<\/div>\n\t\t\t\t<\/div>\n\t\t\t\t<div class=\"elementor-element elementor-element-2b03328 elementor-widget elementor-widget-heading\" data-id=\"2b03328\" data-element_type=\"widget\" data-widget_type=\"heading.default\">\n\t\t\t\t<div class=\"elementor-widget-container\">\n\t\t\t\t\t<h2 class=\"elementor-heading-title elementor-size-default\">Contactos<\/h2>\t\t\t\t<\/div>\n\t\t\t\t<\/div>\n\t\t\t\t<div class=\"elementor-element elementor-element-c23456c elementor-widget elementor-widget-text-editor\" data-id=\"c23456c\" data-element_type=\"widget\" data-widget_type=\"text-editor.default\">\n\t\t\t\t<div class=\"elementor-widget-container\">\n\t\t\t\t\t\t\t\t\t<p>D\u00favidas sobre o uso de cookies? Entre em contato conosco: <a href=\"mailto:info@quenata.com\">info@quenata.com<\/a><\/p>\t\t\t\t\t\t\t\t<\/div>\n\t\t\t\t<\/div>\n\t\t\t\t\t<\/div>\n\t\t\t\t<\/div>\n\t\t\t\t<\/div>","protected":false},"excerpt":{"rendered":"<p>Informations l\u00e9gales Derni\u00e8re mise \u00e0 jour : 31 juillet 2025 Nous utilisons des cookies strictement n\u00e9cessaires pour am\u00e9liorer votre exp\u00e9rience [&hellip;]<\/p>","protected":false},"author":1,"featured_media":0,"parent":0,"menu_order":0,"comment_status":"closed","ping_status":"closed","template":"","meta":{"site-sidebar-layout":"no-sidebar","site-content-layout":"","ast-site-content-layout":"full-width-container","site-content-style":"default","site-sidebar-style":"default","ast-global-header-display":"","ast-banner-title-visibility":"","ast-main-header-display":"","ast-hfb-above-header-display":"","ast-hfb-below-header-display":"","ast-hfb-mobile-header-display":"","site-post-title":"disabled","ast-breadcrumbs-content":"","ast-featured-img":"disabled","footer-sml-layout":"","theme-transparent-header-meta":"","adv-header-id-meta":"","stick-header-meta":"","header-above-stick-meta":"","header-main-stick-meta":"","header-below-stick-meta":"","astra-migrate-meta-layouts":"default","ast-page-background-enabled":"default","ast-page-background-meta":{"desktop":{"background-color":"var(--ast-global-color-5)","background-image":"","background-repeat":"repeat","background-position":"center center","background-size":"auto","background-attachment":"scroll","background-type":"","background-media":"","overlay-type":"","overlay-color":"","overlay-opacity":"","overlay-gradient":""},"tablet":{"background-color":"","background-image":"","background-repeat":"repeat","background-position":"center center","background-size":"auto","background-attachment":"scroll","background-type":"","background-media":"","overlay-type":"","overlay-color":"","overlay-opacity":"","overlay-gradient":""},"mobile":{"background-color":"","background-image":"","background-repeat":"repeat","background-position":"center center","background-size":"auto","background-attachment":"scroll","background-type":"","background-media":"","overlay-type":"","overlay-color":"","overlay-opacity":"","overlay-gradient":""}},"ast-content-background-meta":{"desktop":{"background-color":"var(--ast-global-color-4)","background-image":"","background-repeat":"repeat","background-position":"center center","background-size":"auto","background-attachment":"scroll","background-type":"","background-media":"","overlay-type":"","overlay-color":"","overlay-opacity":"","overlay-gradient":""},"tablet":{"background-color":"var(--ast-global-color-4)","background-image":"","background-repeat":"repeat","background-position":"center center","background-size":"auto","background-attachment":"scroll","background-type":"","background-media":"","overlay-type":"","overlay-color":"","overlay-opacity":"","overlay-gradient":""},"mobile":{"background-color":"var(--ast-global-color-4)","background-image":"","background-repeat":"repeat","background-position":"center center","background-size":"auto","background-attachment":"scroll","background-type":"","background-media":"","overlay-type":"","overlay-color":"","overlay-opacity":"","overlay-gradient":""}},"footnotes":""},"class_list":["post-1487","page","type-page","status-publish","hentry"],"_links":{"self":[{"href":"https:\/\/quenata.com\/pt\/wp-json\/wp\/v2\/pages\/1487","targetHints":{"allow":["GET"]}}],"collection":[{"href":"https:\/\/quenata.com\/pt\/wp-json\/wp\/v2\/pages"}],"about":[{"href":"https:\/\/quenata.com\/pt\/wp-json\/wp\/v2\/types\/page"}],"author":[{"embeddable":true,"href":"https:\/\/quenata.com\/pt\/wp-json\/wp\/v2\/users\/1"}],"replies":[{"embeddable":true,"href":"https:\/\/quenata.com\/pt\/wp-json\/wp\/v2\/comments?post=1487"}],"version-history":[{"count":31,"href":"https:\/\/quenata.com\/pt\/wp-json\/wp\/v2\/pages\/1487\/revisions"}],"predecessor-version":[{"id":1666,"href":"https:\/\/quenata.com\/pt\/wp-json\/wp\/v2\/pages\/1487\/revisions\/1666"}],"wp:attachment":[{"href":"https:\/\/quenata.com\/pt\/wp-json\/wp\/v2\/media?parent=1487"}],"curies":[{"name":"wp","href":"https:\/\/api.w.org\/{rel}","templated":true}]}}