{"id":1479,"date":"2025-07-31T22:35:46","date_gmt":"2025-07-31T22:35:46","guid":{"rendered":"https:\/\/quenata.com\/?page_id=1479"},"modified":"2025-09-11T06:01:44","modified_gmt":"2025-09-11T06:01:44","slug":"mentions-legales-conditions-generales-de-vente","status":"publish","type":"page","link":"https:\/\/quenata.com\/pt\/mentions-legales-conditions-generales-de-vente\/","title":{"rendered":"Avisos legais \/ Condi\u00e7\u00f5es gerais de venda"},"content":{"rendered":"<style>.elementor-1479 .elementor-element.elementor-element-99624fb{--display:flex;--flex-direction:column;--container-widget-width:100%;--container-widget-height:initial;--container-widget-flex-grow:0;--container-widget-align-self:initial;--flex-wrap-mobile:wrap;--margin-top:-110px;--margin-bottom:0px;--margin-left:0px;--margin-right:0px;--padding-top:200px;--padding-bottom:80px;--padding-left:0px;--padding-right:0px;}.elementor-1479 .elementor-element.elementor-element-99624fb:not(.elementor-motion-effects-element-type-background), .elementor-1479 .elementor-element.elementor-element-99624fb > .elementor-motion-effects-container > .elementor-motion-effects-layer{background-color:var( --e-global-color-primary );}.elementor-1479 .elementor-element.elementor-element-60eea4a .elementor-heading-title{font-size:40px;color:var( --e-global-color-9d75238 );}.elementor-1479 .elementor-element.elementor-element-617f759{--display:flex;--flex-direction:column;--container-widget-width:100%;--container-widget-height:initial;--container-widget-flex-grow:0;--container-widget-align-self:initial;--flex-wrap-mobile:wrap;--padding-top:100px;--padding-bottom:120px;--padding-left:0px;--padding-right:0px;}.elementor-1479 .elementor-element.elementor-element-d535f55 .elementor-heading-title{font-size:34px;}.elementor-1479 .elementor-element.elementor-element-7a0a959 .elementor-heading-title{font-size:26px;}.elementor-1479 .elementor-element.elementor-element-c637dad > .elementor-widget-container{margin:0px 0px 0px 0px;}.elementor-1479 .elementor-element.elementor-element-c637dad{font-size:16px;font-weight:400;}.elementor-1479 .elementor-element.elementor-element-fa3a908 .elementor-heading-title{font-size:30px;}.elementor-1479 .elementor-element.elementor-element-f88af38 > .elementor-widget-container{margin:0px 0px 0px 0px;}.elementor-1479 .elementor-element.elementor-element-f88af38{font-size:16px;font-weight:400;line-height:2em;}.elementor-1479 .elementor-element.elementor-element-688642d .elementor-heading-title{font-size:30px;}.elementor-1479 .elementor-element.elementor-element-9637a60 > .elementor-widget-container{margin:-20px 0px 0px 0px;}.elementor-1479 .elementor-element.elementor-element-9637a60{font-size:16px;font-weight:400;line-height:2em;}.elementor-1479 .elementor-element.elementor-element-1a98b9c .elementor-heading-title{font-size:30px;}.elementor-1479 .elementor-element.elementor-element-ef5e96c > .elementor-widget-container{margin:0px 0px 0px 0px;}.elementor-1479 .elementor-element.elementor-element-ef5e96c{font-size:16px;font-weight:400;line-height:2em;}.elementor-1479 .elementor-element.elementor-element-046e1fe .elementor-heading-title{font-size:30px;}.elementor-1479 .elementor-element.elementor-element-425c155 > .elementor-widget-container{margin:0px 0px 0px 0px;}.elementor-1479 .elementor-element.elementor-element-425c155{font-size:16px;font-weight:400;line-height:2em;}:root{--page-title-display:none;}@media(max-width:1024px){.elementor-1479 .elementor-element.elementor-element-99624fb{--margin-top:-150px;--margin-bottom:0px;--margin-left:0px;--margin-right:0px;--padding-top:200px;--padding-bottom:80px;--padding-left:30px;--padding-right:30px;}.elementor-1479 .elementor-element.elementor-element-617f759{--padding-top:80px;--padding-bottom:100px;--padding-left:30px;--padding-right:30px;}}@media(max-width:767px){.elementor-1479 .elementor-element.elementor-element-99624fb{--margin-top:-120px;--margin-bottom:0px;--margin-left:0px;--margin-right:0px;--padding-top:180px;--padding-bottom:60px;--padding-left:25px;--padding-right:25px;}.elementor-1479 .elementor-element.elementor-element-60eea4a .elementor-heading-title{font-size:30px;}.elementor-1479 .elementor-element.elementor-element-617f759{--padding-top:60px;--padding-bottom:80px;--padding-left:25px;--padding-right:25px;}.elementor-1479 .elementor-element.elementor-element-d535f55 .elementor-heading-title{font-size:30px;}.elementor-1479 .elementor-element.elementor-element-7a0a959 .elementor-heading-title{font-size:24px;}.elementor-1479 .elementor-element.elementor-element-fa3a908 .elementor-heading-title{font-size:24px;}.elementor-1479 .elementor-element.elementor-element-688642d .elementor-heading-title{font-size:24px;}.elementor-1479 .elementor-element.elementor-element-1a98b9c .elementor-heading-title{font-size:24px;}.elementor-1479 .elementor-element.elementor-element-046e1fe .elementor-heading-title{font-size:24px;}}<\/style>\t\t<div data-elementor-type=\"wp-page\" data-elementor-id=\"1479\" class=\"elementor elementor-1479\" data-elementor-post-type=\"page\">\n\t\t\t\t<div class=\"elementor-element elementor-element-99624fb e-flex e-con-boxed e-con e-parent\" data-id=\"99624fb\" data-element_type=\"container\" data-settings=\"{&quot;background_background&quot;:&quot;classic&quot;}\">\n\t\t\t\t\t<div class=\"e-con-inner\">\n\t\t\t\t<div class=\"elementor-element elementor-element-60eea4a elementor-widget elementor-widget-heading\" data-id=\"60eea4a\" data-element_type=\"widget\" data-widget_type=\"heading.default\">\n\t\t\t\t<div class=\"elementor-widget-container\">\n\t\t\t\t\t<h2 class=\"elementor-heading-title elementor-size-default\">Avisos legais \/ Condi\u00e7\u00f5es gerais de venda<\/h2>\t\t\t\t<\/div>\n\t\t\t\t<\/div>\n\t\t\t\t\t<\/div>\n\t\t\t\t<\/div>\n\t\t<div class=\"elementor-element elementor-element-617f759 e-flex e-con-boxed e-con e-parent\" data-id=\"617f759\" data-element_type=\"container\">\n\t\t\t\t\t<div class=\"e-con-inner\">\n\t\t\t\t<div class=\"elementor-element elementor-element-d535f55 elementor-widget elementor-widget-heading\" data-id=\"d535f55\" data-element_type=\"widget\" data-widget_type=\"heading.default\">\n\t\t\t\t<div class=\"elementor-widget-container\">\n\t\t\t\t\t<h2 class=\"elementor-heading-title elementor-size-default\">Informa\u00e7\u00f5es legais<\/h2>\t\t\t\t<\/div>\n\t\t\t\t<\/div>\n\t\t\t\t<div class=\"elementor-element elementor-element-7a0a959 elementor-widget elementor-widget-heading\" data-id=\"7a0a959\" data-element_type=\"widget\" data-widget_type=\"heading.default\">\n\t\t\t\t<div class=\"elementor-widget-container\">\n\t\t\t\t\t<h2 class=\"elementor-heading-title elementor-size-default\">\u00daltima atualiza\u00e7\u00e3o: 31 de julho de 2025<\/h2>\t\t\t\t<\/div>\n\t\t\t\t<\/div>\n\t\t\t\t<div class=\"elementor-element elementor-element-c637dad elementor-widget elementor-widget-text-editor\" data-id=\"c637dad\" data-element_type=\"widget\" data-widget_type=\"text-editor.default\">\n\t\t\t\t<div class=\"elementor-widget-container\">\n\t\t\t\t\t\t\t\t\t<p data-start=\"183\" data-end=\"398\"><strong data-start=\"183\" data-end=\"200\">Nome do site:<\/strong> Que Nata<br data-start=\"209\" data-end=\"212\" \/><strong data-start=\"212\" data-end=\"221\">URL :<\/strong> <a class=\"\" href=\"https:\/\/quenata.com\/pt\/\" target=\"_new\" rel=\"noopener\" data-start=\"222\" data-end=\"264\">https:\/\/quenata.com<\/a><br data-start=\"264\" data-end=\"267\" \/><strong data-start=\"267\" data-end=\"287\">Endere\u00e7o de email:<\/strong> <a class=\"cursor-pointer\" rel=\"noopener\" data-start=\"288\" data-end=\"304\">info@quenata.com<\/a><br data-start=\"304\" data-end=\"307\" \/><strong data-start=\"307\" data-end=\"332\">Endere\u00e7o comercial:<\/strong> Cloche d&rsquo;Or Shopping Center, Gasperich \u2013 Luxembourg, Luxembourg<\/p><p>Este site \u00e9 operado pela equipe Que Nata, sediada em Luxemburgo. A utiliza\u00e7\u00e3o deste site implica a aceita\u00e7\u00e3o integral das condi\u00e7\u00f5es descritas nesta p\u00e1gina.<\/p>\t\t\t\t\t\t\t\t<\/div>\n\t\t\t\t<\/div>\n\t\t\t\t<div class=\"elementor-element elementor-element-fa3a908 elementor-widget elementor-widget-heading\" data-id=\"fa3a908\" data-element_type=\"widget\" data-widget_type=\"heading.default\">\n\t\t\t\t<div class=\"elementor-widget-container\">\n\t\t\t\t\t<h2 class=\"elementor-heading-title elementor-size-default\">Responsabilidade editorial e t\u00e9cnica<\/h2>\t\t\t\t<\/div>\n\t\t\t\t<\/div>\n\t\t\t\t<div class=\"elementor-element elementor-element-f88af38 elementor-widget elementor-widget-text-editor\" data-id=\"f88af38\" data-element_type=\"widget\" data-widget_type=\"text-editor.default\">\n\t\t\t\t<div class=\"elementor-widget-container\">\n\t\t\t\t\t\t\t\t\t<p>Todos os conte\u00fados informativos, gr\u00e1ficos e visuais publicados neste site s\u00e3o propriedade exclusiva da marca Que Nata. Qualquer reprodu\u00e7\u00e3o, distribui\u00e7\u00e3o ou utiliza\u00e7\u00e3o, total ou parcial, sem autoriza\u00e7\u00e3o expressa e pr\u00e9via, \u00e9 estritamente proibida.<\/p>\t\t\t\t\t\t\t\t<\/div>\n\t\t\t\t<\/div>\n\t\t\t\t<div class=\"elementor-element elementor-element-688642d elementor-widget elementor-widget-heading\" data-id=\"688642d\" data-element_type=\"widget\" data-widget_type=\"heading.default\">\n\t\t\t\t<div class=\"elementor-widget-container\">\n\t\t\t\t\t<h2 class=\"elementor-heading-title elementor-size-default\">Termos de Venda (Clientes B2B)<\/h2>\t\t\t\t<\/div>\n\t\t\t\t<\/div>\n\t\t\t\t<div class=\"elementor-element elementor-element-9637a60 elementor-widget elementor-widget-text-editor\" data-id=\"9637a60\" data-element_type=\"widget\" data-widget_type=\"text-editor.default\">\n\t\t\t\t<div class=\"elementor-widget-container\">\n\t\t\t\t\t\t\t\t\t<ul><li>Pedidos e or\u00e7amentos: devem ser realizados atrav\u00e9s do formul\u00e1rio dispon\u00edvel no site ou por e-mail.<\/li><li>Validade das ofertas: pre\u00e7os, condi\u00e7\u00f5es de entrega e quantidades ser\u00e3o confirmados por e-mail ap\u00f3s an\u00e1lise do pedido.<\/li><li>Pagamentos: efetuados por transfer\u00eancia banc\u00e1ria, salvo condi\u00e7\u00f5es espec\u00edficas indicadas na fatura.<\/li><li>Entregas: sujeitas a consulta e confirma\u00e7\u00e3o de viabilidade log\u00edstica.<\/li><li>Cancelamentos: aceites apenas mediante aviso pr\u00e9vio e acordo m\u00fatuo.<\/li><\/ul>\t\t\t\t\t\t\t\t<\/div>\n\t\t\t\t<\/div>\n\t\t\t\t<div class=\"elementor-element elementor-element-1a98b9c elementor-widget elementor-widget-heading\" data-id=\"1a98b9c\" data-element_type=\"widget\" data-widget_type=\"heading.default\">\n\t\t\t\t<div class=\"elementor-widget-container\">\n\t\t\t\t\t<h2 class=\"elementor-heading-title elementor-size-default\">Propriedade intelectual<\/h2>\t\t\t\t<\/div>\n\t\t\t\t<\/div>\n\t\t\t\t<div class=\"elementor-element elementor-element-ef5e96c elementor-widget elementor-widget-text-editor\" data-id=\"ef5e96c\" data-element_type=\"widget\" data-widget_type=\"text-editor.default\">\n\t\t\t\t<div class=\"elementor-widget-container\">\n\t\t\t\t\t\t\t\t\t<p>Todos os textos, imagens, log\u00f3tipos, marcas e demais conte\u00fados presentes neste site encontram-se protegidos por direitos de autor e de propriedade intelectual. Qualquer utiliza\u00e7\u00e3o n\u00e3o autorizada, em especial com fins comerciais, constitui infra\u00e7\u00e3o legal pass\u00edvel de responsabilidade civil e criminal.<\/p>\t\t\t\t\t\t\t\t<\/div>\n\t\t\t\t<\/div>\n\t\t\t\t<div class=\"elementor-element elementor-element-046e1fe elementor-widget elementor-widget-heading\" data-id=\"046e1fe\" data-element_type=\"widget\" data-widget_type=\"heading.default\">\n\t\t\t\t<div class=\"elementor-widget-container\">\n\t\t\t\t\t<h2 class=\"elementor-heading-title elementor-size-default\">Jurisdi\u00e7\u00e3o aplic\u00e1vel<\/h2>\t\t\t\t<\/div>\n\t\t\t\t<\/div>\n\t\t\t\t<div class=\"elementor-element elementor-element-425c155 elementor-widget elementor-widget-text-editor\" data-id=\"425c155\" data-element_type=\"widget\" data-widget_type=\"text-editor.default\">\n\t\t\t\t<div class=\"elementor-widget-container\">\n\t\t\t\t\t\t\t\t\t<p data-start=\"792\" data-end=\"816\">Em caso de lit\u00edgio, ser\u00e1 competente a jurisdi\u00e7\u00e3o dos tribunais do Gr\u00e3o-Ducado de Luxemburgo, em conformidade com a legisla\u00e7\u00e3o europeia aplic\u00e1vel.<\/p>\t\t\t\t\t\t\t\t<\/div>\n\t\t\t\t<\/div>\n\t\t\t\t\t<\/div>\n\t\t\t\t<\/div>\n\t\t\t\t<\/div>","protected":false},"excerpt":{"rendered":"<p>Informations l\u00e9gales Derni\u00e8re mise \u00e0 jour : 31 juillet 2025 Nom du site : Que NataURL : https:\/\/quenata.comAdresse e-mail : [&hellip;]<\/p>","protected":false},"author":1,"featured_media":0,"parent":0,"menu_order":0,"comment_status":"closed","ping_status":"closed","template":"","meta":{"site-sidebar-layout":"no-sidebar","site-content-layout":"","ast-site-content-layout":"full-width-container","site-content-style":"default","site-sidebar-style":"default","ast-global-header-display":"","ast-banner-title-visibility":"","ast-main-header-display":"","ast-hfb-above-header-display":"","ast-hfb-below-header-display":"","ast-hfb-mobile-header-display":"","site-post-title":"disabled","ast-breadcrumbs-content":"","ast-featured-img":"disabled","footer-sml-layout":"","theme-transparent-header-meta":"","adv-header-id-meta":"","stick-header-meta":"","header-above-stick-meta":"","header-main-stick-meta":"","header-below-stick-meta":"","astra-migrate-meta-layouts":"default","ast-page-background-enabled":"default","ast-page-background-meta":{"desktop":{"background-color":"var(--ast-global-color-5)","background-image":"","background-repeat":"repeat","background-position":"center center","background-size":"auto","background-attachment":"scroll","background-type":"","background-media":"","overlay-type":"","overlay-color":"","overlay-opacity":"","overlay-gradient":""},"tablet":{"background-color":"","background-image":"","background-repeat":"repeat","background-position":"center center","background-size":"auto","background-attachment":"scroll","background-type":"","background-media":"","overlay-type":"","overlay-color":"","overlay-opacity":"","overlay-gradient":""},"mobile":{"background-color":"","background-image":"","background-repeat":"repeat","background-position":"center center","background-size":"auto","background-attachment":"scroll","background-type":"","background-media":"","overlay-type":"","overlay-color":"","overlay-opacity":"","overlay-gradient":""}},"ast-content-background-meta":{"desktop":{"background-color":"var(--ast-global-color-4)","background-image":"","background-repeat":"repeat","background-position":"center center","background-size":"auto","background-attachment":"scroll","background-type":"","background-media":"","overlay-type":"","overlay-color":"","overlay-opacity":"","overlay-gradient":""},"tablet":{"background-color":"var(--ast-global-color-4)","background-image":"","background-repeat":"repeat","background-position":"center center","background-size":"auto","background-attachment":"scroll","background-type":"","background-media":"","overlay-type":"","overlay-color":"","overlay-opacity":"","overlay-gradient":""},"mobile":{"background-color":"var(--ast-global-color-4)","background-image":"","background-repeat":"repeat","background-position":"center center","background-size":"auto","background-attachment":"scroll","background-type":"","background-media":"","overlay-type":"","overlay-color":"","overlay-opacity":"","overlay-gradient":""}},"footnotes":""},"class_list":["post-1479","page","type-page","status-publish","hentry"],"_links":{"self":[{"href":"https:\/\/quenata.com\/pt\/wp-json\/wp\/v2\/pages\/1479","targetHints":{"allow":["GET"]}}],"collection":[{"href":"https:\/\/quenata.com\/pt\/wp-json\/wp\/v2\/pages"}],"about":[{"href":"https:\/\/quenata.com\/pt\/wp-json\/wp\/v2\/types\/page"}],"author":[{"embeddable":true,"href":"https:\/\/quenata.com\/pt\/wp-json\/wp\/v2\/users\/1"}],"replies":[{"embeddable":true,"href":"https:\/\/quenata.com\/pt\/wp-json\/wp\/v2\/comments?post=1479"}],"version-history":[{"count":16,"href":"https:\/\/quenata.com\/pt\/wp-json\/wp\/v2\/pages\/1479\/revisions"}],"predecessor-version":[{"id":1628,"href":"https:\/\/quenata.com\/pt\/wp-json\/wp\/v2\/pages\/1479\/revisions\/1628"}],"wp:attachment":[{"href":"https:\/\/quenata.com\/pt\/wp-json\/wp\/v2\/media?parent=1479"}],"curies":[{"name":"wp","href":"https:\/\/api.w.org\/{rel}","templated":true}]}}