{"id":1487,"date":"2025-07-31T22:46:44","date_gmt":"2025-07-31T22:46:44","guid":{"rendered":"https:\/\/quenata.com\/?page_id=1487"},"modified":"2025-09-13T07:17:52","modified_gmt":"2025-09-13T07:17:52","slug":"politique-de-cookies","status":"publish","type":"page","link":"https:\/\/quenata.com\/en\/politique-de-cookies\/","title":{"rendered":"Cookie Policy"},"content":{"rendered":"<style>.elementor-1487 .elementor-element.elementor-element-47aa28b{--display:flex;--flex-direction:column;--container-widget-width:100%;--container-widget-height:initial;--container-widget-flex-grow:0;--container-widget-align-self:initial;--flex-wrap-mobile:wrap;--margin-top:-110px;--margin-bottom:0px;--margin-left:0px;--margin-right:0px;--padding-top:200px;--padding-bottom:80px;--padding-left:0px;--padding-right:0px;}.elementor-1487 .elementor-element.elementor-element-47aa28b:not(.elementor-motion-effects-element-type-background), .elementor-1487 .elementor-element.elementor-element-47aa28b > .elementor-motion-effects-container > .elementor-motion-effects-layer{background-color:var( --e-global-color-primary );}.elementor-1487 .elementor-element.elementor-element-085573a .elementor-heading-title{font-size:40px;color:var( --e-global-color-9d75238 );}.elementor-1487 .elementor-element.elementor-element-a678397{--display:flex;--flex-direction:column;--container-widget-width:100%;--container-widget-height:initial;--container-widget-flex-grow:0;--container-widget-align-self:initial;--flex-wrap-mobile:wrap;--padding-top:100px;--padding-bottom:120px;--padding-left:0px;--padding-right:0px;}.elementor-1487 .elementor-element.elementor-element-663553f .elementor-heading-title{font-size:34px;}.elementor-1487 .elementor-element.elementor-element-8dcc0e9 .elementor-heading-title{font-size:26px;}.elementor-1487 .elementor-element.elementor-element-b21b3eb > .elementor-widget-container{margin:0px 0px 0px 0px;}.elementor-1487 .elementor-element.elementor-element-b21b3eb{font-size:16px;font-weight:400;}.elementor-1487 .elementor-element.elementor-element-c8ede1e .elementor-heading-title{font-size:30px;}.elementor-1487 .elementor-element.elementor-element-f519831 > .elementor-widget-container{margin:0px 0px 0px 0px;}.elementor-1487 .elementor-element.elementor-element-f519831{font-size:16px;font-weight:400;}.elementor-1487 .elementor-element.elementor-element-48476ee .elementor-heading-title{font-size:30px;}.elementor-1487 .elementor-element.elementor-element-224bbf3 > .elementor-widget-container{margin:0px 0px 0px 0px;}.elementor-1487 .elementor-element.elementor-element-224bbf3{font-size:16px;font-weight:400;line-height:2em;}.elementor-1487 .elementor-element.elementor-element-d4983b7 .elementor-heading-title{font-size:30px;}.elementor-1487 .elementor-element.elementor-element-dd076c5 > .elementor-widget-container{margin:0px 0px 0px 0px;}.elementor-1487 .elementor-element.elementor-element-dd076c5{font-size:16px;font-weight:400;line-height:2em;}.elementor-1487 .elementor-element.elementor-element-2b031d6 .elementor-heading-title{font-size:30px;}.elementor-1487 .elementor-element.elementor-element-2adcf1d > .elementor-widget-container{margin:0px 0px 0px 0px;}.elementor-1487 .elementor-element.elementor-element-2adcf1d{font-size:16px;font-weight:400;line-height:2em;}.elementor-1487 .elementor-element.elementor-element-1fbfc62 .elementor-heading-title{font-size:30px;}.elementor-1487 .elementor-element.elementor-element-672d3d4 > .elementor-widget-container{margin:0px 0px 0px 0px;}.elementor-1487 .elementor-element.elementor-element-672d3d4{font-size:16px;font-weight:400;line-height:2em;}.elementor-1487 .elementor-element.elementor-element-bb4d1e2 .elementor-heading-title{font-size:30px;}.elementor-1487 .elementor-element.elementor-element-e358dea > .elementor-widget-container{margin:0px 0px 0px 0px;}.elementor-1487 .elementor-element.elementor-element-e358dea{font-size:16px;font-weight:400;line-height:2em;}.elementor-1487 .elementor-element.elementor-element-f27ea69 .elementor-heading-title{font-size:30px;}.elementor-1487 .elementor-element.elementor-element-0341faf > .elementor-widget-container{margin:0px 0px 0px 0px;}.elementor-1487 .elementor-element.elementor-element-0341faf{font-size:16px;font-weight:400;line-height:2em;}.elementor-1487 .elementor-element.elementor-element-2b03328 .elementor-heading-title{font-size:30px;}.elementor-1487 .elementor-element.elementor-element-c23456c > .elementor-widget-container{margin:0px 0px 0px 0px;}.elementor-1487 .elementor-element.elementor-element-c23456c{font-size:16px;font-weight:400;line-height:2em;}:root{--page-title-display:none;}@media(max-width:1024px){.elementor-1487 .elementor-element.elementor-element-47aa28b{--margin-top:-150px;--margin-bottom:0px;--margin-left:0px;--margin-right:0px;--padding-top:200px;--padding-bottom:80px;--padding-left:30px;--padding-right:30px;}.elementor-1487 .elementor-element.elementor-element-a678397{--padding-top:80px;--padding-bottom:100px;--padding-left:30px;--padding-right:30px;}}@media(max-width:767px){.elementor-1487 .elementor-element.elementor-element-47aa28b{--margin-top:-120px;--margin-bottom:0px;--margin-left:0px;--margin-right:0px;--padding-top:180px;--padding-bottom:60px;--padding-left:25px;--padding-right:25px;}.elementor-1487 .elementor-element.elementor-element-085573a .elementor-heading-title{font-size:30px;}.elementor-1487 .elementor-element.elementor-element-a678397{--padding-top:60px;--padding-bottom:80px;--padding-left:25px;--padding-right:25px;}.elementor-1487 .elementor-element.elementor-element-663553f .elementor-heading-title{font-size:30px;}.elementor-1487 .elementor-element.elementor-element-8dcc0e9 .elementor-heading-title{font-size:24px;}.elementor-1487 .elementor-element.elementor-element-c8ede1e .elementor-heading-title{font-size:24px;}.elementor-1487 .elementor-element.elementor-element-48476ee .elementor-heading-title{font-size:24px;}.elementor-1487 .elementor-element.elementor-element-d4983b7 .elementor-heading-title{font-size:24px;}.elementor-1487 .elementor-element.elementor-element-2b031d6 .elementor-heading-title{font-size:24px;}.elementor-1487 .elementor-element.elementor-element-1fbfc62 .elementor-heading-title{font-size:24px;}.elementor-1487 .elementor-element.elementor-element-bb4d1e2 .elementor-heading-title{font-size:24px;}.elementor-1487 .elementor-element.elementor-element-f27ea69 .elementor-heading-title{font-size:24px;}.elementor-1487 .elementor-element.elementor-element-2b03328 .elementor-heading-title{font-size:24px;}}<\/style>\t\t<div data-elementor-type=\"wp-page\" data-elementor-id=\"1487\" class=\"elementor elementor-1487\" data-elementor-post-type=\"page\">\n\t\t\t\t<div class=\"elementor-element elementor-element-47aa28b e-flex e-con-boxed e-con e-parent\" data-id=\"47aa28b\" data-element_type=\"container\" data-settings=\"{&quot;background_background&quot;:&quot;classic&quot;}\">\n\t\t\t\t\t<div class=\"e-con-inner\">\n\t\t\t\t<div class=\"elementor-element elementor-element-085573a elementor-widget elementor-widget-heading\" data-id=\"085573a\" data-element_type=\"widget\" data-widget_type=\"heading.default\">\n\t\t\t\t<div class=\"elementor-widget-container\">\n\t\t\t\t\t<h2 class=\"elementor-heading-title elementor-size-default\">Cookie Policy<\/h2>\t\t\t\t<\/div>\n\t\t\t\t<\/div>\n\t\t\t\t\t<\/div>\n\t\t\t\t<\/div>\n\t\t<div class=\"elementor-element elementor-element-a678397 e-flex e-con-boxed e-con e-parent\" data-id=\"a678397\" data-element_type=\"container\">\n\t\t\t\t\t<div class=\"e-con-inner\">\n\t\t\t\t<div class=\"elementor-element elementor-element-663553f elementor-widget elementor-widget-heading\" data-id=\"663553f\" data-element_type=\"widget\" data-widget_type=\"heading.default\">\n\t\t\t\t<div class=\"elementor-widget-container\">\n\t\t\t\t\t<h2 class=\"elementor-heading-title elementor-size-default\">Legal information<\/h2>\t\t\t\t<\/div>\n\t\t\t\t<\/div>\n\t\t\t\t<div class=\"elementor-element elementor-element-8dcc0e9 elementor-widget elementor-widget-heading\" data-id=\"8dcc0e9\" data-element_type=\"widget\" data-widget_type=\"heading.default\">\n\t\t\t\t<div class=\"elementor-widget-container\">\n\t\t\t\t\t<h2 class=\"elementor-heading-title elementor-size-default\">Last updated: July 31, 2025<\/h2>\t\t\t\t<\/div>\n\t\t\t\t<\/div>\n\t\t\t\t<div class=\"elementor-element elementor-element-b21b3eb elementor-widget elementor-widget-text-editor\" data-id=\"b21b3eb\" data-element_type=\"widget\" data-widget_type=\"text-editor.default\">\n\t\t\t\t<div class=\"elementor-widget-container\">\n\t\t\t\t\t\t\t\t\t<p>We use strictly necessary cookies to improve your user experience and for statistical, personalization, and advertising purposes. This policy explains how we use them and how you can manage them.<\/p>\t\t\t\t\t\t\t\t<\/div>\n\t\t\t\t<\/div>\n\t\t\t\t<div class=\"elementor-element elementor-element-c8ede1e elementor-widget elementor-widget-heading\" data-id=\"c8ede1e\" data-element_type=\"widget\" data-widget_type=\"heading.default\">\n\t\t\t\t<div class=\"elementor-widget-container\">\n\t\t\t\t\t<h2 class=\"elementor-heading-title elementor-size-default\">What are cookies?<\/h2>\t\t\t\t<\/div>\n\t\t\t\t<\/div>\n\t\t\t\t<div class=\"elementor-element elementor-element-f519831 elementor-widget elementor-widget-text-editor\" data-id=\"f519831\" data-element_type=\"widget\" data-widget_type=\"text-editor.default\">\n\t\t\t\t<div class=\"elementor-widget-container\">\n\t\t\t\t\t\t\t\t\t<p>Cookies are small text files stored in your browser when you visit a website, designed to enable or improve your browsing experience. The website www.quenata.com (hereinafter the \u201cSite\u201d) uses cookies, whose functionalities and operations are governed by this policy.<\/p>\t\t\t\t\t\t\t\t<\/div>\n\t\t\t\t<\/div>\n\t\t\t\t<div class=\"elementor-element elementor-element-48476ee elementor-widget elementor-widget-heading\" data-id=\"48476ee\" data-element_type=\"widget\" data-widget_type=\"heading.default\">\n\t\t\t\t<div class=\"elementor-widget-container\">\n\t\t\t\t\t<h2 class=\"elementor-heading-title elementor-size-default\">Cookies we use<\/h2>\t\t\t\t<\/div>\n\t\t\t\t<\/div>\n\t\t\t\t<div class=\"elementor-element elementor-element-224bbf3 elementor-widget elementor-widget-text-editor\" data-id=\"224bbf3\" data-element_type=\"widget\" data-widget_type=\"text-editor.default\">\n\t\t\t\t<div class=\"elementor-widget-container\">\n\t\t\t\t\t\t\t\t\t<p>Cookies can be classified according to:<\/p><p><strong>Origin<\/strong><\/p><ul><li>First-party or third-party, depending on whether they are set by Que Nata or by a third-party entity.<\/li><\/ul><p><strong>Duration<\/strong><\/p><ul><li>Session cookies: active only during the browsing session and deleted when the browser is closed.<\/li><li>Persistent cookies: remain on your device for longer periods.<\/li><\/ul><p><strong>Function<\/strong><\/p><ul><li>Strictly necessary: ensure the proper functioning of the Site, provide requested functionalities, or store user preferences.<\/li><li>Functional: store and automatically apply preferences to improve the browsing experience.<\/li><li>Analytics and statistics: collect statistical information about site usage and user engagement (e.g., Google Analytics).<\/li><li>Advertising: allow the display of targeted ads based on user interests (e.g., Google Ads, social media).<\/li><\/ul><p>The Site will only use strictly necessary cookies, which ensure its proper operation. Without them, the Site cannot function or be accessed. These cookies, by accessing certain personal data (such as the IP address), enable the provision of functionalities expressly requested (e.g., completing forms) or the storage of browsing preferences on the same device.<\/p>\t\t\t\t\t\t\t\t<\/div>\n\t\t\t\t<\/div>\n\t\t\t\t<div class=\"elementor-element elementor-element-d4983b7 elementor-widget elementor-widget-heading\" data-id=\"d4983b7\" data-element_type=\"widget\" data-widget_type=\"heading.default\">\n\t\t\t\t<div class=\"elementor-widget-container\">\n\t\t\t\t\t<h2 class=\"elementor-heading-title elementor-size-default\">Consent<\/h2>\t\t\t\t<\/div>\n\t\t\t\t<\/div>\n\t\t\t\t<div class=\"elementor-element elementor-element-dd076c5 elementor-widget elementor-widget-text-editor\" data-id=\"dd076c5\" data-element_type=\"widget\" data-widget_type=\"text-editor.default\">\n\t\t\t\t<div class=\"elementor-widget-container\">\n\t\t\t\t\t\t\t\t\t<p>When visiting the Site for the first time, you will be asked to give your consent for the use of non-essential cookies.<br \/>You may:<\/p><ul><li>Accept all cookies<\/li><li>Refuse all cookies (except essential ones)<\/li><\/ul>\t\t\t\t\t\t\t\t<\/div>\n\t\t\t\t<\/div>\n\t\t\t\t<div class=\"elementor-element elementor-element-2b031d6 elementor-widget elementor-widget-heading\" data-id=\"2b031d6\" data-element_type=\"widget\" data-widget_type=\"heading.default\">\n\t\t\t\t<div class=\"elementor-widget-container\">\n\t\t\t\t\t<h2 class=\"elementor-heading-title elementor-size-default\">Manage your preferences by category<\/h2>\t\t\t\t<\/div>\n\t\t\t\t<\/div>\n\t\t\t\t<div class=\"elementor-element elementor-element-2adcf1d elementor-widget elementor-widget-text-editor\" data-id=\"2adcf1d\" data-element_type=\"widget\" data-widget_type=\"text-editor.default\">\n\t\t\t\t<div class=\"elementor-widget-container\">\n\t\t\t\t\t\t\t\t\t<p>Strictly necessary cookies are automatically placed on your device during your first visit. Objecting to their use will prevent you from navigating the Site.<\/p>\t\t\t\t\t\t\t\t<\/div>\n\t\t\t\t<\/div>\n\t\t\t\t<div class=\"elementor-element elementor-element-1fbfc62 elementor-widget elementor-widget-heading\" data-id=\"1fbfc62\" data-element_type=\"widget\" data-widget_type=\"heading.default\">\n\t\t\t\t<div class=\"elementor-widget-container\">\n\t\t\t\t\t<h2 class=\"elementor-heading-title elementor-size-default\">How to disable cookies?<\/h2>\t\t\t\t<\/div>\n\t\t\t\t<\/div>\n\t\t\t\t<div class=\"elementor-element elementor-element-672d3d4 elementor-widget elementor-widget-text-editor\" data-id=\"672d3d4\" data-element_type=\"widget\" data-widget_type=\"text-editor.default\">\n\t\t\t\t<div class=\"elementor-widget-container\">\n\t\t\t\t\t\t\t\t\t<p>You can manage cookies:<\/p><ul><li>Through the site\u2019s cookie banner (during your first visit or by clicking on \u201cCookie settings\u201d)<\/li><li>In your browser settings (Chrome, Firefox, Safari, etc.)<\/li><\/ul>\t\t\t\t\t\t\t\t<\/div>\n\t\t\t\t<\/div>\n\t\t\t\t<div class=\"elementor-element elementor-element-bb4d1e2 elementor-widget elementor-widget-heading\" data-id=\"bb4d1e2\" data-element_type=\"widget\" data-widget_type=\"heading.default\">\n\t\t\t\t<div class=\"elementor-widget-container\">\n\t\t\t\t\t<h2 class=\"elementor-heading-title elementor-size-default\">Third-party cookies<\/h2>\t\t\t\t<\/div>\n\t\t\t\t<\/div>\n\t\t\t\t<div class=\"elementor-element elementor-element-e358dea elementor-widget elementor-widget-text-editor\" data-id=\"e358dea\" data-element_type=\"widget\" data-widget_type=\"text-editor.default\">\n\t\t\t\t<div class=\"elementor-widget-container\">\n\t\t\t\t\t\t\t\t\t<p>Third-party cookies (such as Facebook Pixel or Google Ads) may be enabled with your consent and are subject to the privacy policies of those platforms.<\/p>\t\t\t\t\t\t\t\t<\/div>\n\t\t\t\t<\/div>\n\t\t\t\t<div class=\"elementor-element elementor-element-f27ea69 elementor-widget elementor-widget-heading\" data-id=\"f27ea69\" data-element_type=\"widget\" data-widget_type=\"heading.default\">\n\t\t\t\t<div class=\"elementor-widget-container\">\n\t\t\t\t\t<h2 class=\"elementor-heading-title elementor-size-default\">Changes to the Cookie Policy<\/h2>\t\t\t\t<\/div>\n\t\t\t\t<\/div>\n\t\t\t\t<div class=\"elementor-element elementor-element-0341faf elementor-widget elementor-widget-text-editor\" data-id=\"0341faf\" data-element_type=\"widget\" data-widget_type=\"text-editor.default\">\n\t\t\t\t<div class=\"elementor-widget-container\">\n\t\t\t\t\t\t\t\t\t<p>Que Nata may modify this Cookie Policy at any time without prior notice. Any significant changes will be immediately published on the Site, so you can review the information and consent or refuse the use of certain cookies as appropriate.<\/p>\t\t\t\t\t\t\t\t<\/div>\n\t\t\t\t<\/div>\n\t\t\t\t<div class=\"elementor-element elementor-element-2b03328 elementor-widget elementor-widget-heading\" data-id=\"2b03328\" data-element_type=\"widget\" data-widget_type=\"heading.default\">\n\t\t\t\t<div class=\"elementor-widget-container\">\n\t\t\t\t\t<h2 class=\"elementor-heading-title elementor-size-default\">Contact<\/h2>\t\t\t\t<\/div>\n\t\t\t\t<\/div>\n\t\t\t\t<div class=\"elementor-element elementor-element-c23456c elementor-widget elementor-widget-text-editor\" data-id=\"c23456c\" data-element_type=\"widget\" data-widget_type=\"text-editor.default\">\n\t\t\t\t<div class=\"elementor-widget-container\">\n\t\t\t\t\t\t\t\t\t<p>Questions about the use of cookies? Contact us: <a href=\"mailto:info@quenata.com\">info@quenata.com<\/a><\/p>\t\t\t\t\t\t\t\t<\/div>\n\t\t\t\t<\/div>\n\t\t\t\t\t<\/div>\n\t\t\t\t<\/div>\n\t\t\t\t<\/div>","protected":false},"excerpt":{"rendered":"<p>Informations l\u00e9gales Derni\u00e8re mise \u00e0 jour : 31 juillet 2025 Nous utilisons des cookies strictement n\u00e9cessaires pour am\u00e9liorer votre exp\u00e9rience [&hellip;]<\/p>","protected":false},"author":1,"featured_media":0,"parent":0,"menu_order":0,"comment_status":"closed","ping_status":"closed","template":"","meta":{"site-sidebar-layout":"no-sidebar","site-content-layout":"","ast-site-content-layout":"full-width-container","site-content-style":"default","site-sidebar-style":"default","ast-global-header-display":"","ast-banner-title-visibility":"","ast-main-header-display":"","ast-hfb-above-header-display":"","ast-hfb-below-header-display":"","ast-hfb-mobile-header-display":"","site-post-title":"disabled","ast-breadcrumbs-content":"","ast-featured-img":"disabled","footer-sml-layout":"","theme-transparent-header-meta":"","adv-header-id-meta":"","stick-header-meta":"","header-above-stick-meta":"","header-main-stick-meta":"","header-below-stick-meta":"","astra-migrate-meta-layouts":"default","ast-page-background-enabled":"default","ast-page-background-meta":{"desktop":{"background-color":"var(--ast-global-color-5)","background-image":"","background-repeat":"repeat","background-position":"center center","background-size":"auto","background-attachment":"scroll","background-type":"","background-media":"","overlay-type":"","overlay-color":"","overlay-opacity":"","overlay-gradient":""},"tablet":{"background-color":"","background-image":"","background-repeat":"repeat","background-position":"center center","background-size":"auto","background-attachment":"scroll","background-type":"","background-media":"","overlay-type":"","overlay-color":"","overlay-opacity":"","overlay-gradient":""},"mobile":{"background-color":"","background-image":"","background-repeat":"repeat","background-position":"center center","background-size":"auto","background-attachment":"scroll","background-type":"","background-media":"","overlay-type":"","overlay-color":"","overlay-opacity":"","overlay-gradient":""}},"ast-content-background-meta":{"desktop":{"background-color":"var(--ast-global-color-4)","background-image":"","background-repeat":"repeat","background-position":"center center","background-size":"auto","background-attachment":"scroll","background-type":"","background-media":"","overlay-type":"","overlay-color":"","overlay-opacity":"","overlay-gradient":""},"tablet":{"background-color":"var(--ast-global-color-4)","background-image":"","background-repeat":"repeat","background-position":"center center","background-size":"auto","background-attachment":"scroll","background-type":"","background-media":"","overlay-type":"","overlay-color":"","overlay-opacity":"","overlay-gradient":""},"mobile":{"background-color":"var(--ast-global-color-4)","background-image":"","background-repeat":"repeat","background-position":"center center","background-size":"auto","background-attachment":"scroll","background-type":"","background-media":"","overlay-type":"","overlay-color":"","overlay-opacity":"","overlay-gradient":""}},"footnotes":""},"class_list":["post-1487","page","type-page","status-publish","hentry"],"_links":{"self":[{"href":"https:\/\/quenata.com\/en\/wp-json\/wp\/v2\/pages\/1487","targetHints":{"allow":["GET"]}}],"collection":[{"href":"https:\/\/quenata.com\/en\/wp-json\/wp\/v2\/pages"}],"about":[{"href":"https:\/\/quenata.com\/en\/wp-json\/wp\/v2\/types\/page"}],"author":[{"embeddable":true,"href":"https:\/\/quenata.com\/en\/wp-json\/wp\/v2\/users\/1"}],"replies":[{"embeddable":true,"href":"https:\/\/quenata.com\/en\/wp-json\/wp\/v2\/comments?post=1487"}],"version-history":[{"count":31,"href":"https:\/\/quenata.com\/en\/wp-json\/wp\/v2\/pages\/1487\/revisions"}],"predecessor-version":[{"id":1666,"href":"https:\/\/quenata.com\/en\/wp-json\/wp\/v2\/pages\/1487\/revisions\/1666"}],"wp:attachment":[{"href":"https:\/\/quenata.com\/en\/wp-json\/wp\/v2\/media?parent=1487"}],"curies":[{"name":"wp","href":"https:\/\/api.w.org\/{rel}","templated":true}]}}