{"id":1479,"date":"2025-07-31T22:35:46","date_gmt":"2025-07-31T22:35:46","guid":{"rendered":"https:\/\/quenata.com\/?page_id=1479"},"modified":"2025-09-11T06:01:44","modified_gmt":"2025-09-11T06:01:44","slug":"mentions-legales-conditions-generales-de-vente","status":"publish","type":"page","link":"https:\/\/quenata.com\/en\/mentions-legales-conditions-generales-de-vente\/","title":{"rendered":"Legal notices \/ General conditions of sale"},"content":{"rendered":"<style>.elementor-1479 .elementor-element.elementor-element-99624fb{--display:flex;--flex-direction:column;--container-widget-width:100%;--container-widget-height:initial;--container-widget-flex-grow:0;--container-widget-align-self:initial;--flex-wrap-mobile:wrap;--margin-top:-110px;--margin-bottom:0px;--margin-left:0px;--margin-right:0px;--padding-top:200px;--padding-bottom:80px;--padding-left:0px;--padding-right:0px;}.elementor-1479 .elementor-element.elementor-element-99624fb:not(.elementor-motion-effects-element-type-background), .elementor-1479 .elementor-element.elementor-element-99624fb > .elementor-motion-effects-container > .elementor-motion-effects-layer{background-color:var( --e-global-color-primary );}.elementor-1479 .elementor-element.elementor-element-60eea4a .elementor-heading-title{font-size:40px;color:var( --e-global-color-9d75238 );}.elementor-1479 .elementor-element.elementor-element-617f759{--display:flex;--flex-direction:column;--container-widget-width:100%;--container-widget-height:initial;--container-widget-flex-grow:0;--container-widget-align-self:initial;--flex-wrap-mobile:wrap;--padding-top:100px;--padding-bottom:120px;--padding-left:0px;--padding-right:0px;}.elementor-1479 .elementor-element.elementor-element-d535f55 .elementor-heading-title{font-size:34px;}.elementor-1479 .elementor-element.elementor-element-7a0a959 .elementor-heading-title{font-size:26px;}.elementor-1479 .elementor-element.elementor-element-c637dad > .elementor-widget-container{margin:0px 0px 0px 0px;}.elementor-1479 .elementor-element.elementor-element-c637dad{font-size:16px;font-weight:400;}.elementor-1479 .elementor-element.elementor-element-fa3a908 .elementor-heading-title{font-size:30px;}.elementor-1479 .elementor-element.elementor-element-f88af38 > .elementor-widget-container{margin:0px 0px 0px 0px;}.elementor-1479 .elementor-element.elementor-element-f88af38{font-size:16px;font-weight:400;line-height:2em;}.elementor-1479 .elementor-element.elementor-element-688642d .elementor-heading-title{font-size:30px;}.elementor-1479 .elementor-element.elementor-element-9637a60 > .elementor-widget-container{margin:-20px 0px 0px 0px;}.elementor-1479 .elementor-element.elementor-element-9637a60{font-size:16px;font-weight:400;line-height:2em;}.elementor-1479 .elementor-element.elementor-element-1a98b9c .elementor-heading-title{font-size:30px;}.elementor-1479 .elementor-element.elementor-element-ef5e96c > .elementor-widget-container{margin:0px 0px 0px 0px;}.elementor-1479 .elementor-element.elementor-element-ef5e96c{font-size:16px;font-weight:400;line-height:2em;}.elementor-1479 .elementor-element.elementor-element-046e1fe .elementor-heading-title{font-size:30px;}.elementor-1479 .elementor-element.elementor-element-425c155 > .elementor-widget-container{margin:0px 0px 0px 0px;}.elementor-1479 .elementor-element.elementor-element-425c155{font-size:16px;font-weight:400;line-height:2em;}:root{--page-title-display:none;}@media(max-width:1024px){.elementor-1479 .elementor-element.elementor-element-99624fb{--margin-top:-150px;--margin-bottom:0px;--margin-left:0px;--margin-right:0px;--padding-top:200px;--padding-bottom:80px;--padding-left:30px;--padding-right:30px;}.elementor-1479 .elementor-element.elementor-element-617f759{--padding-top:80px;--padding-bottom:100px;--padding-left:30px;--padding-right:30px;}}@media(max-width:767px){.elementor-1479 .elementor-element.elementor-element-99624fb{--margin-top:-120px;--margin-bottom:0px;--margin-left:0px;--margin-right:0px;--padding-top:180px;--padding-bottom:60px;--padding-left:25px;--padding-right:25px;}.elementor-1479 .elementor-element.elementor-element-60eea4a .elementor-heading-title{font-size:30px;}.elementor-1479 .elementor-element.elementor-element-617f759{--padding-top:60px;--padding-bottom:80px;--padding-left:25px;--padding-right:25px;}.elementor-1479 .elementor-element.elementor-element-d535f55 .elementor-heading-title{font-size:30px;}.elementor-1479 .elementor-element.elementor-element-7a0a959 .elementor-heading-title{font-size:24px;}.elementor-1479 .elementor-element.elementor-element-fa3a908 .elementor-heading-title{font-size:24px;}.elementor-1479 .elementor-element.elementor-element-688642d .elementor-heading-title{font-size:24px;}.elementor-1479 .elementor-element.elementor-element-1a98b9c .elementor-heading-title{font-size:24px;}.elementor-1479 .elementor-element.elementor-element-046e1fe .elementor-heading-title{font-size:24px;}}<\/style>\t\t<div data-elementor-type=\"wp-page\" data-elementor-id=\"1479\" class=\"elementor elementor-1479\" data-elementor-post-type=\"page\">\n\t\t\t\t<div class=\"elementor-element elementor-element-99624fb e-flex e-con-boxed e-con e-parent\" data-id=\"99624fb\" data-element_type=\"container\" data-settings=\"{&quot;background_background&quot;:&quot;classic&quot;}\">\n\t\t\t\t\t<div class=\"e-con-inner\">\n\t\t\t\t<div class=\"elementor-element elementor-element-60eea4a elementor-widget elementor-widget-heading\" data-id=\"60eea4a\" data-element_type=\"widget\" data-widget_type=\"heading.default\">\n\t\t\t\t<div class=\"elementor-widget-container\">\n\t\t\t\t\t<h2 class=\"elementor-heading-title elementor-size-default\">Legal notices \/ General conditions of sale<\/h2>\t\t\t\t<\/div>\n\t\t\t\t<\/div>\n\t\t\t\t\t<\/div>\n\t\t\t\t<\/div>\n\t\t<div class=\"elementor-element elementor-element-617f759 e-flex e-con-boxed e-con e-parent\" data-id=\"617f759\" data-element_type=\"container\">\n\t\t\t\t\t<div class=\"e-con-inner\">\n\t\t\t\t<div class=\"elementor-element elementor-element-d535f55 elementor-widget elementor-widget-heading\" data-id=\"d535f55\" data-element_type=\"widget\" data-widget_type=\"heading.default\">\n\t\t\t\t<div class=\"elementor-widget-container\">\n\t\t\t\t\t<h2 class=\"elementor-heading-title elementor-size-default\">Legal information<\/h2>\t\t\t\t<\/div>\n\t\t\t\t<\/div>\n\t\t\t\t<div class=\"elementor-element elementor-element-7a0a959 elementor-widget elementor-widget-heading\" data-id=\"7a0a959\" data-element_type=\"widget\" data-widget_type=\"heading.default\">\n\t\t\t\t<div class=\"elementor-widget-container\">\n\t\t\t\t\t<h2 class=\"elementor-heading-title elementor-size-default\">Last updated: July 31, 2025<\/h2>\t\t\t\t<\/div>\n\t\t\t\t<\/div>\n\t\t\t\t<div class=\"elementor-element elementor-element-c637dad elementor-widget elementor-widget-text-editor\" data-id=\"c637dad\" data-element_type=\"widget\" data-widget_type=\"text-editor.default\">\n\t\t\t\t<div class=\"elementor-widget-container\">\n\t\t\t\t\t\t\t\t\t<p data-start=\"183\" data-end=\"398\"><strong data-start=\"183\" data-end=\"200\">Site name:<\/strong> Que Nata<br data-start=\"209\" data-end=\"212\" \/><strong data-start=\"212\" data-end=\"221\">URL :<\/strong> <a class=\"\" href=\"https:\/\/quenata.com\/en\/\" target=\"_new\" rel=\"noopener\" data-start=\"222\" data-end=\"264\">https:\/\/quenata.com<\/a><br data-start=\"264\" data-end=\"267\" \/><strong data-start=\"267\" data-end=\"287\">Email address:<\/strong> <a class=\"cursor-pointer\" rel=\"noopener\" data-start=\"288\" data-end=\"304\">info@quenata.com<\/a><br data-start=\"304\" data-end=\"307\" \/><strong data-start=\"307\" data-end=\"332\">Commercial address:<\/strong> Cloche d&rsquo;Or Shopping Center, Gasperich \u2013 Luxembourg, Luxembourg<\/p><p>This website is operated by the Que Nata team, based in Luxembourg. Use of this website implies full and unconditional acceptance of the terms and conditions described below.<\/p>\t\t\t\t\t\t\t\t<\/div>\n\t\t\t\t<\/div>\n\t\t\t\t<div class=\"elementor-element elementor-element-fa3a908 elementor-widget elementor-widget-heading\" data-id=\"fa3a908\" data-element_type=\"widget\" data-widget_type=\"heading.default\">\n\t\t\t\t<div class=\"elementor-widget-container\">\n\t\t\t\t\t<h2 class=\"elementor-heading-title elementor-size-default\">Editorial and technical responsibility<\/h2>\t\t\t\t<\/div>\n\t\t\t\t<\/div>\n\t\t\t\t<div class=\"elementor-element elementor-element-f88af38 elementor-widget elementor-widget-text-editor\" data-id=\"f88af38\" data-element_type=\"widget\" data-widget_type=\"text-editor.default\">\n\t\t\t\t<div class=\"elementor-widget-container\">\n\t\t\t\t\t\t\t\t\t<p>All informational, graphic, and visual content published on this website is the exclusive property of Que Nata. Any reproduction, distribution, or use, in whole or in part, without prior express authorization, is strictly prohibited.<\/p>\t\t\t\t\t\t\t\t<\/div>\n\t\t\t\t<\/div>\n\t\t\t\t<div class=\"elementor-element elementor-element-688642d elementor-widget elementor-widget-heading\" data-id=\"688642d\" data-element_type=\"widget\" data-widget_type=\"heading.default\">\n\t\t\t\t<div class=\"elementor-widget-container\">\n\t\t\t\t\t<h2 class=\"elementor-heading-title elementor-size-default\">Terms of Sale (B2B Customers)<\/h2>\t\t\t\t<\/div>\n\t\t\t\t<\/div>\n\t\t\t\t<div class=\"elementor-element elementor-element-9637a60 elementor-widget elementor-widget-text-editor\" data-id=\"9637a60\" data-element_type=\"widget\" data-widget_type=\"text-editor.default\">\n\t\t\t\t<div class=\"elementor-widget-container\">\n\t\t\t\t\t\t\t\t\t<ul><li>Orders and quotes: must be placed via the website form or by e-mail.<\/li><li>Validity of offers: prices, delivery conditions, and quantities will be confirmed by e-mail after review of the request.<\/li><li>Paiements : effectu\u00e9s par virement bancaire, sauf conditions sp\u00e9cifiques mentionn\u00e9es sur la facture.<\/li><li>Deliveries: subject to availability and confirmation of logistical feasibility.<\/li><li>Cancellations: accepted only with prior notice and mutual agreement.<\/li><\/ul>\t\t\t\t\t\t\t\t<\/div>\n\t\t\t\t<\/div>\n\t\t\t\t<div class=\"elementor-element elementor-element-1a98b9c elementor-widget elementor-widget-heading\" data-id=\"1a98b9c\" data-element_type=\"widget\" data-widget_type=\"heading.default\">\n\t\t\t\t<div class=\"elementor-widget-container\">\n\t\t\t\t\t<h2 class=\"elementor-heading-title elementor-size-default\">Intellectual property<\/h2>\t\t\t\t<\/div>\n\t\t\t\t<\/div>\n\t\t\t\t<div class=\"elementor-element elementor-element-ef5e96c elementor-widget elementor-widget-text-editor\" data-id=\"ef5e96c\" data-element_type=\"widget\" data-widget_type=\"text-editor.default\">\n\t\t\t\t<div class=\"elementor-widget-container\">\n\t\t\t\t\t\t\t\t\t<p>All texts, images, logos, trademarks, and other content on this website are protected by copyright and intellectual property rights. Any unauthorized use, particularly for commercial purposes, will be considered an infringement subject to civil and criminal liability.<\/p>\t\t\t\t\t\t\t\t<\/div>\n\t\t\t\t<\/div>\n\t\t\t\t<div class=\"elementor-element elementor-element-046e1fe elementor-widget elementor-widget-heading\" data-id=\"046e1fe\" data-element_type=\"widget\" data-widget_type=\"heading.default\">\n\t\t\t\t<div class=\"elementor-widget-container\">\n\t\t\t\t\t<h2 class=\"elementor-heading-title elementor-size-default\">Applicable jurisdiction<\/h2>\t\t\t\t<\/div>\n\t\t\t\t<\/div>\n\t\t\t\t<div class=\"elementor-element elementor-element-425c155 elementor-widget elementor-widget-text-editor\" data-id=\"425c155\" data-element_type=\"widget\" data-widget_type=\"text-editor.default\">\n\t\t\t\t<div class=\"elementor-widget-container\">\n\t\t\t\t\t\t\t\t\t<p data-start=\"792\" data-end=\"816\">In case of dispute, the competent jurisdiction shall be the courts of the Grand Duchy of Luxembourg, in accordance with applicable European legislation.<\/p>\t\t\t\t\t\t\t\t<\/div>\n\t\t\t\t<\/div>\n\t\t\t\t\t<\/div>\n\t\t\t\t<\/div>\n\t\t\t\t<\/div>","protected":false},"excerpt":{"rendered":"<p>Informations l\u00e9gales Derni\u00e8re mise \u00e0 jour : 31 juillet 2025 Nom du site : Que NataURL : https:\/\/quenata.comAdresse e-mail : [&hellip;]<\/p>","protected":false},"author":1,"featured_media":0,"parent":0,"menu_order":0,"comment_status":"closed","ping_status":"closed","template":"","meta":{"site-sidebar-layout":"no-sidebar","site-content-layout":"","ast-site-content-layout":"full-width-container","site-content-style":"default","site-sidebar-style":"default","ast-global-header-display":"","ast-banner-title-visibility":"","ast-main-header-display":"","ast-hfb-above-header-display":"","ast-hfb-below-header-display":"","ast-hfb-mobile-header-display":"","site-post-title":"disabled","ast-breadcrumbs-content":"","ast-featured-img":"disabled","footer-sml-layout":"","theme-transparent-header-meta":"","adv-header-id-meta":"","stick-header-meta":"","header-above-stick-meta":"","header-main-stick-meta":"","header-below-stick-meta":"","astra-migrate-meta-layouts":"default","ast-page-background-enabled":"default","ast-page-background-meta":{"desktop":{"background-color":"var(--ast-global-color-5)","background-image":"","background-repeat":"repeat","background-position":"center center","background-size":"auto","background-attachment":"scroll","background-type":"","background-media":"","overlay-type":"","overlay-color":"","overlay-opacity":"","overlay-gradient":""},"tablet":{"background-color":"","background-image":"","background-repeat":"repeat","background-position":"center center","background-size":"auto","background-attachment":"scroll","background-type":"","background-media":"","overlay-type":"","overlay-color":"","overlay-opacity":"","overlay-gradient":""},"mobile":{"background-color":"","background-image":"","background-repeat":"repeat","background-position":"center center","background-size":"auto","background-attachment":"scroll","background-type":"","background-media":"","overlay-type":"","overlay-color":"","overlay-opacity":"","overlay-gradient":""}},"ast-content-background-meta":{"desktop":{"background-color":"var(--ast-global-color-4)","background-image":"","background-repeat":"repeat","background-position":"center center","background-size":"auto","background-attachment":"scroll","background-type":"","background-media":"","overlay-type":"","overlay-color":"","overlay-opacity":"","overlay-gradient":""},"tablet":{"background-color":"var(--ast-global-color-4)","background-image":"","background-repeat":"repeat","background-position":"center center","background-size":"auto","background-attachment":"scroll","background-type":"","background-media":"","overlay-type":"","overlay-color":"","overlay-opacity":"","overlay-gradient":""},"mobile":{"background-color":"var(--ast-global-color-4)","background-image":"","background-repeat":"repeat","background-position":"center center","background-size":"auto","background-attachment":"scroll","background-type":"","background-media":"","overlay-type":"","overlay-color":"","overlay-opacity":"","overlay-gradient":""}},"footnotes":""},"class_list":["post-1479","page","type-page","status-publish","hentry"],"_links":{"self":[{"href":"https:\/\/quenata.com\/en\/wp-json\/wp\/v2\/pages\/1479","targetHints":{"allow":["GET"]}}],"collection":[{"href":"https:\/\/quenata.com\/en\/wp-json\/wp\/v2\/pages"}],"about":[{"href":"https:\/\/quenata.com\/en\/wp-json\/wp\/v2\/types\/page"}],"author":[{"embeddable":true,"href":"https:\/\/quenata.com\/en\/wp-json\/wp\/v2\/users\/1"}],"replies":[{"embeddable":true,"href":"https:\/\/quenata.com\/en\/wp-json\/wp\/v2\/comments?post=1479"}],"version-history":[{"count":16,"href":"https:\/\/quenata.com\/en\/wp-json\/wp\/v2\/pages\/1479\/revisions"}],"predecessor-version":[{"id":1628,"href":"https:\/\/quenata.com\/en\/wp-json\/wp\/v2\/pages\/1479\/revisions\/1628"}],"wp:attachment":[{"href":"https:\/\/quenata.com\/en\/wp-json\/wp\/v2\/media?parent=1479"}],"curies":[{"name":"wp","href":"https:\/\/api.w.org\/{rel}","templated":true}]}}