{"id":1415,"date":"2025-07-31T21:39:27","date_gmt":"2025-07-31T21:39:27","guid":{"rendered":"https:\/\/quenata.com\/?page_id=1415"},"modified":"2025-09-17T04:05:49","modified_gmt":"2025-09-17T04:05:49","slug":"politique-de-confidentialite","status":"publish","type":"page","link":"https:\/\/quenata.com\/en\/politique-de-confidentialite\/","title":{"rendered":"Privacy Policy"},"content":{"rendered":"<style>.elementor-1415 .elementor-element.elementor-element-db61953{--display:flex;--flex-direction:column;--container-widget-width:100%;--container-widget-height:initial;--container-widget-flex-grow:0;--container-widget-align-self:initial;--flex-wrap-mobile:wrap;--margin-top:-110px;--margin-bottom:0px;--margin-left:0px;--margin-right:0px;--padding-top:200px;--padding-bottom:80px;--padding-left:0px;--padding-right:0px;}.elementor-1415 .elementor-element.elementor-element-db61953:not(.elementor-motion-effects-element-type-background), .elementor-1415 .elementor-element.elementor-element-db61953 > .elementor-motion-effects-container > .elementor-motion-effects-layer{background-color:var( --e-global-color-primary );}.elementor-1415 .elementor-element.elementor-element-e4e09d3 .elementor-heading-title{font-size:40px;color:var( --e-global-color-9d75238 );}.elementor-1415 .elementor-element.elementor-element-ebe3ece{--display:flex;--flex-direction:column;--container-widget-width:100%;--container-widget-height:initial;--container-widget-flex-grow:0;--container-widget-align-self:initial;--flex-wrap-mobile:wrap;--padding-top:100px;--padding-bottom:120px;--padding-left:0px;--padding-right:0px;}.elementor-1415 .elementor-element.elementor-element-e3ed0e2 .elementor-heading-title{font-size:34px;}.elementor-1415 .elementor-element.elementor-element-b58551b .elementor-heading-title{font-size:26px;}.elementor-1415 .elementor-element.elementor-element-8af3148 > .elementor-widget-container{margin:0px 0px 0px 0px;}.elementor-1415 .elementor-element.elementor-element-8af3148{font-size:16px;font-weight:400;}.elementor-1415 .elementor-element.elementor-element-db6d5b6 .elementor-heading-title{font-size:30px;}.elementor-1415 .elementor-element.elementor-element-4cb6e65 > .elementor-widget-container{margin:-20px 0px 0px 0px;}.elementor-1415 .elementor-element.elementor-element-4cb6e65{font-size:16px;font-weight:400;line-height:2em;}.elementor-1415 .elementor-element.elementor-element-bb81174 .elementor-heading-title{font-size:30px;}.elementor-1415 .elementor-element.elementor-element-f0cf6e1 > .elementor-widget-container{margin:-20px 0px 0px 0px;}.elementor-1415 .elementor-element.elementor-element-f0cf6e1{font-size:16px;font-weight:400;line-height:2em;}.elementor-1415 .elementor-element.elementor-element-1429f20 .elementor-heading-title{font-size:30px;}.elementor-1415 .elementor-element.elementor-element-0fc1ce7 > .elementor-widget-container{margin:0px 0px 0px 0px;}.elementor-1415 .elementor-element.elementor-element-0fc1ce7{font-size:16px;font-weight:400;line-height:2em;}.elementor-1415 .elementor-element.elementor-element-47112ed .elementor-heading-title{font-size:30px;}.elementor-1415 .elementor-element.elementor-element-681c4e1 > .elementor-widget-container{margin:0px 0px 0px 0px;}.elementor-1415 .elementor-element.elementor-element-681c4e1{font-size:16px;font-weight:400;line-height:2em;}.elementor-1415 .elementor-element.elementor-element-f68ea26 .elementor-heading-title{font-size:30px;}.elementor-1415 .elementor-element.elementor-element-9069fc5 > .elementor-widget-container{margin:0px 0px 0px 0px;}.elementor-1415 .elementor-element.elementor-element-9069fc5{font-size:16px;font-weight:400;line-height:2em;}.elementor-1415 .elementor-element.elementor-element-a70e6c5 .elementor-heading-title{font-size:30px;}.elementor-1415 .elementor-element.elementor-element-495f44f > .elementor-widget-container{margin:0px 0px 0px 0px;}.elementor-1415 .elementor-element.elementor-element-495f44f{font-size:16px;font-weight:400;line-height:2em;}:root{--page-title-display:none;}@media(max-width:1024px){.elementor-1415 .elementor-element.elementor-element-db61953{--margin-top:-150px;--margin-bottom:0px;--margin-left:0px;--margin-right:0px;--padding-top:200px;--padding-bottom:80px;--padding-left:30px;--padding-right:30px;}.elementor-1415 .elementor-element.elementor-element-ebe3ece{--padding-top:80px;--padding-bottom:100px;--padding-left:30px;--padding-right:30px;}}@media(max-width:767px){.elementor-1415 .elementor-element.elementor-element-db61953{--margin-top:-120px;--margin-bottom:0px;--margin-left:0px;--margin-right:0px;--padding-top:180px;--padding-bottom:60px;--padding-left:25px;--padding-right:25px;}.elementor-1415 .elementor-element.elementor-element-e4e09d3 .elementor-heading-title{font-size:30px;}.elementor-1415 .elementor-element.elementor-element-ebe3ece{--padding-top:60px;--padding-bottom:80px;--padding-left:25px;--padding-right:25px;}.elementor-1415 .elementor-element.elementor-element-e3ed0e2 .elementor-heading-title{font-size:30px;}.elementor-1415 .elementor-element.elementor-element-b58551b .elementor-heading-title{font-size:24px;}.elementor-1415 .elementor-element.elementor-element-db6d5b6 .elementor-heading-title{font-size:24px;}.elementor-1415 .elementor-element.elementor-element-bb81174 .elementor-heading-title{font-size:24px;}.elementor-1415 .elementor-element.elementor-element-1429f20 .elementor-heading-title{font-size:24px;}.elementor-1415 .elementor-element.elementor-element-47112ed .elementor-heading-title{font-size:24px;}.elementor-1415 .elementor-element.elementor-element-f68ea26 .elementor-heading-title{font-size:24px;}.elementor-1415 .elementor-element.elementor-element-a70e6c5 .elementor-heading-title{font-size:24px;}}<\/style>\t\t<div data-elementor-type=\"wp-page\" data-elementor-id=\"1415\" class=\"elementor elementor-1415\" data-elementor-post-type=\"page\">\n\t\t\t\t<div class=\"elementor-element elementor-element-db61953 e-flex e-con-boxed e-con e-parent\" data-id=\"db61953\" data-element_type=\"container\" data-settings=\"{&quot;background_background&quot;:&quot;classic&quot;}\">\n\t\t\t\t\t<div class=\"e-con-inner\">\n\t\t\t\t<div class=\"elementor-element elementor-element-e4e09d3 elementor-widget elementor-widget-heading\" data-id=\"e4e09d3\" data-element_type=\"widget\" data-widget_type=\"heading.default\">\n\t\t\t\t<div class=\"elementor-widget-container\">\n\t\t\t\t\t<h2 class=\"elementor-heading-title elementor-size-default\">Privacy Policy<\/h2>\t\t\t\t<\/div>\n\t\t\t\t<\/div>\n\t\t\t\t\t<\/div>\n\t\t\t\t<\/div>\n\t\t<div class=\"elementor-element elementor-element-ebe3ece e-flex e-con-boxed e-con e-parent\" data-id=\"ebe3ece\" data-element_type=\"container\">\n\t\t\t\t\t<div class=\"e-con-inner\">\n\t\t\t\t<div class=\"elementor-element elementor-element-e3ed0e2 elementor-widget elementor-widget-heading\" data-id=\"e3ed0e2\" data-element_type=\"widget\" data-widget_type=\"heading.default\">\n\t\t\t\t<div class=\"elementor-widget-container\">\n\t\t\t\t\t<h2 class=\"elementor-heading-title elementor-size-default\">Que Nata<\/h2>\t\t\t\t<\/div>\n\t\t\t\t<\/div>\n\t\t\t\t<div class=\"elementor-element elementor-element-b58551b elementor-widget elementor-widget-heading\" data-id=\"b58551b\" data-element_type=\"widget\" data-widget_type=\"heading.default\">\n\t\t\t\t<div class=\"elementor-widget-container\">\n\t\t\t\t\t<h2 class=\"elementor-heading-title elementor-size-default\">Last updated: July 31, 2025<\/h2>\t\t\t\t<\/div>\n\t\t\t\t<\/div>\n\t\t\t\t<div class=\"elementor-element elementor-element-8af3148 elementor-widget elementor-widget-text-editor\" data-id=\"8af3148\" data-element_type=\"widget\" data-widget_type=\"text-editor.default\">\n\t\t\t\t<div class=\"elementor-widget-container\">\n\t\t\t\t\t\t\t\t\t<p>This privacy policy explains how we collect, use, and protect your personal data in accordance with the General Data Protection Regulation (GDPR) of the European Union.<\/p>\t\t\t\t\t\t\t\t<\/div>\n\t\t\t\t<\/div>\n\t\t\t\t<div class=\"elementor-element elementor-element-db6d5b6 elementor-widget elementor-widget-heading\" data-id=\"db6d5b6\" data-element_type=\"widget\" data-widget_type=\"heading.default\">\n\t\t\t\t<div class=\"elementor-widget-container\">\n\t\t\t\t\t<h2 class=\"elementor-heading-title elementor-size-default\">Data collected<\/h2>\t\t\t\t<\/div>\n\t\t\t\t<\/div>\n\t\t\t\t<div class=\"elementor-element elementor-element-4cb6e65 elementor-widget elementor-widget-text-editor\" data-id=\"4cb6e65\" data-element_type=\"widget\" data-widget_type=\"text-editor.default\">\n\t\t\t\t<div class=\"elementor-widget-container\">\n\t\t\t\t\t\t\t\t\t<ul><li>Name, e-mail, phone, and company (via forms)<\/li><li>Cookies, IP address, browser type, pages viewed<\/li><\/ul>\t\t\t\t\t\t\t\t<\/div>\n\t\t\t\t<\/div>\n\t\t\t\t<div class=\"elementor-element elementor-element-bb81174 elementor-widget elementor-widget-heading\" data-id=\"bb81174\" data-element_type=\"widget\" data-widget_type=\"heading.default\">\n\t\t\t\t<div class=\"elementor-widget-container\">\n\t\t\t\t\t<h2 class=\"elementor-heading-title elementor-size-default\">Purpose of processing<\/h2>\t\t\t\t<\/div>\n\t\t\t\t<\/div>\n\t\t\t\t<div class=\"elementor-element elementor-element-f0cf6e1 elementor-widget elementor-widget-text-editor\" data-id=\"f0cf6e1\" data-element_type=\"widget\" data-widget_type=\"text-editor.default\">\n\t\t\t\t<div class=\"elementor-widget-container\">\n\t\t\t\t\t\t\t\t\t<ul><li>Respond to contact requests and process B2B orders<\/li><li>Send commercial communications with your consent<\/li><li>Analyze browsing behavior<\/li><li>Comply with legal or tax obligations<\/li><\/ul>\t\t\t\t\t\t\t\t<\/div>\n\t\t\t\t<\/div>\n\t\t\t\t<div class=\"elementor-element elementor-element-1429f20 elementor-widget elementor-widget-heading\" data-id=\"1429f20\" data-element_type=\"widget\" data-widget_type=\"heading.default\">\n\t\t\t\t<div class=\"elementor-widget-container\">\n\t\t\t\t\t<h2 class=\"elementor-heading-title elementor-size-default\">Your rights<\/h2>\t\t\t\t<\/div>\n\t\t\t\t<\/div>\n\t\t\t\t<div class=\"elementor-element elementor-element-0fc1ce7 elementor-widget elementor-widget-text-editor\" data-id=\"0fc1ce7\" data-element_type=\"widget\" data-widget_type=\"text-editor.default\">\n\t\t\t\t<div class=\"elementor-widget-container\">\n\t\t\t\t\t\t\t\t\t<p>You can ask:<\/p><ul><li>Access to your data<\/li><li>Rectification, deletion, or restriction of processing<\/li><li>The portability of your data<\/li><li>Objection to processing<\/li><li>Withdrawing your consent at any time<\/li><\/ul><p>\ud83d\udce9 To exercise your rights, please send your request to: <a href=\"mailto:info@quenata.com\">info@quenata.com<\/a><\/p>\t\t\t\t\t\t\t\t<\/div>\n\t\t\t\t<\/div>\n\t\t\t\t<div class=\"elementor-element elementor-element-47112ed elementor-widget elementor-widget-heading\" data-id=\"47112ed\" data-element_type=\"widget\" data-widget_type=\"heading.default\">\n\t\t\t\t<div class=\"elementor-widget-container\">\n\t\t\t\t\t<h2 class=\"elementor-heading-title elementor-size-default\">Data security<\/h2>\t\t\t\t<\/div>\n\t\t\t\t<\/div>\n\t\t\t\t<div class=\"elementor-element elementor-element-681c4e1 elementor-widget elementor-widget-text-editor\" data-id=\"681c4e1\" data-element_type=\"widget\" data-widget_type=\"text-editor.default\">\n\t\t\t\t<div class=\"elementor-widget-container\">\n\t\t\t\t\t\t\t\t\t<p>We use security protocols (HTTPS, backups, form protection) to protect your personal data.<\/p>\t\t\t\t\t\t\t\t<\/div>\n\t\t\t\t<\/div>\n\t\t\t\t<div class=\"elementor-element elementor-element-f68ea26 elementor-widget elementor-widget-heading\" data-id=\"f68ea26\" data-element_type=\"widget\" data-widget_type=\"heading.default\">\n\t\t\t\t<div class=\"elementor-widget-container\">\n\t\t\t\t\t<h2 class=\"elementor-heading-title elementor-size-default\">Data retention<\/h2>\t\t\t\t<\/div>\n\t\t\t\t<\/div>\n\t\t\t\t<div class=\"elementor-element elementor-element-9069fc5 elementor-widget elementor-widget-text-editor\" data-id=\"9069fc5\" data-element_type=\"widget\" data-widget_type=\"text-editor.default\">\n\t\t\t\t<div class=\"elementor-widget-container\">\n\t\t\t\t\t\t\t\t\t<p>Your data will be stored only for the period necessary to fulfil the purposes described, or as required by law.<\/p>\t\t\t\t\t\t\t\t<\/div>\n\t\t\t\t<\/div>\n\t\t\t\t<div class=\"elementor-element elementor-element-a70e6c5 elementor-widget elementor-widget-heading\" data-id=\"a70e6c5\" data-element_type=\"widget\" data-widget_type=\"heading.default\">\n\t\t\t\t<div class=\"elementor-widget-container\">\n\t\t\t\t\t<h2 class=\"elementor-heading-title elementor-size-default\">Contact<\/h2>\t\t\t\t<\/div>\n\t\t\t\t<\/div>\n\t\t\t\t<div class=\"elementor-element elementor-element-495f44f elementor-widget elementor-widget-text-editor\" data-id=\"495f44f\" data-element_type=\"widget\" data-widget_type=\"text-editor.default\">\n\t\t\t\t<div class=\"elementor-widget-container\">\n\t\t\t\t\t\t\t\t\t<p>For any questions regarding this policy or the processing of your data: <a href=\"mailto:info@quenata.com\">info@quenata.com<\/a>.<\/p>\t\t\t\t\t\t\t\t<\/div>\n\t\t\t\t<\/div>\n\t\t\t\t\t<\/div>\n\t\t\t\t<\/div>\n\t\t\t\t<\/div>","protected":false},"excerpt":{"rendered":"<p>Que Nata Derni\u00e8re mise \u00e0 jour : 31 juillet 2025 La pr\u00e9sente politique de confidentialit\u00e9 explique comment nous collectons, utilisons [&hellip;]<\/p>","protected":false},"author":1,"featured_media":0,"parent":0,"menu_order":0,"comment_status":"closed","ping_status":"closed","template":"","meta":{"site-sidebar-layout":"no-sidebar","site-content-layout":"","ast-site-content-layout":"full-width-container","site-content-style":"default","site-sidebar-style":"default","ast-global-header-display":"","ast-banner-title-visibility":"","ast-main-header-display":"","ast-hfb-above-header-display":"","ast-hfb-below-header-display":"","ast-hfb-mobile-header-display":"","site-post-title":"disabled","ast-breadcrumbs-content":"","ast-featured-img":"disabled","footer-sml-layout":"","theme-transparent-header-meta":"","adv-header-id-meta":"","stick-header-meta":"","header-above-stick-meta":"","header-main-stick-meta":"","header-below-stick-meta":"","astra-migrate-meta-layouts":"default","ast-page-background-enabled":"default","ast-page-background-meta":{"desktop":{"background-color":"var(--ast-global-color-5)","background-image":"","background-repeat":"repeat","background-position":"center center","background-size":"auto","background-attachment":"scroll","background-type":"","background-media":"","overlay-type":"","overlay-color":"","overlay-opacity":"","overlay-gradient":""},"tablet":{"background-color":"","background-image":"","background-repeat":"repeat","background-position":"center center","background-size":"auto","background-attachment":"scroll","background-type":"","background-media":"","overlay-type":"","overlay-color":"","overlay-opacity":"","overlay-gradient":""},"mobile":{"background-color":"","background-image":"","background-repeat":"repeat","background-position":"center center","background-size":"auto","background-attachment":"scroll","background-type":"","background-media":"","overlay-type":"","overlay-color":"","overlay-opacity":"","overlay-gradient":""}},"ast-content-background-meta":{"desktop":{"background-color":"var(--ast-global-color-4)","background-image":"","background-repeat":"repeat","background-position":"center center","background-size":"auto","background-attachment":"scroll","background-type":"","background-media":"","overlay-type":"","overlay-color":"","overlay-opacity":"","overlay-gradient":""},"tablet":{"background-color":"var(--ast-global-color-4)","background-image":"","background-repeat":"repeat","background-position":"center center","background-size":"auto","background-attachment":"scroll","background-type":"","background-media":"","overlay-type":"","overlay-color":"","overlay-opacity":"","overlay-gradient":""},"mobile":{"background-color":"var(--ast-global-color-4)","background-image":"","background-repeat":"repeat","background-position":"center center","background-size":"auto","background-attachment":"scroll","background-type":"","background-media":"","overlay-type":"","overlay-color":"","overlay-opacity":"","overlay-gradient":""}},"footnotes":""},"class_list":["post-1415","page","type-page","status-publish","hentry"],"_links":{"self":[{"href":"https:\/\/quenata.com\/en\/wp-json\/wp\/v2\/pages\/1415","targetHints":{"allow":["GET"]}}],"collection":[{"href":"https:\/\/quenata.com\/en\/wp-json\/wp\/v2\/pages"}],"about":[{"href":"https:\/\/quenata.com\/en\/wp-json\/wp\/v2\/types\/page"}],"author":[{"embeddable":true,"href":"https:\/\/quenata.com\/en\/wp-json\/wp\/v2\/users\/1"}],"replies":[{"embeddable":true,"href":"https:\/\/quenata.com\/en\/wp-json\/wp\/v2\/comments?post=1415"}],"version-history":[{"count":73,"href":"https:\/\/quenata.com\/en\/wp-json\/wp\/v2\/pages\/1415\/revisions"}],"predecessor-version":[{"id":1701,"href":"https:\/\/quenata.com\/en\/wp-json\/wp\/v2\/pages\/1415\/revisions\/1701"}],"wp:attachment":[{"href":"https:\/\/quenata.com\/en\/wp-json\/wp\/v2\/media?parent=1415"}],"curies":[{"name":"wp","href":"https:\/\/api.w.org\/{rel}","templated":true}]}}